{"id":9,"date":"2020-07-24T18:14:31","date_gmt":"2020-07-24T18:14:31","guid":{"rendered":"https:\/\/grupoprointex.com\/cctv\/?page_id=9"},"modified":"2020-12-03T17:01:23","modified_gmt":"2020-12-03T17:01:23","slug":"sistemas-de-seguridad-integrales","status":"publish","type":"page","link":"https:\/\/grupoprointex.com\/cctv\/sistemas-de-seguridad-integrales\/","title":{"rendered":"NOSOTROS"},"content":{"rendered":"<p><div class=\"fusion-fullwidth fullwidth-box fusion-builder-row-1 fusion-flex-container fusion-parallax-none nonhundred-percent-fullwidth non-hundred-percent-height-scrolling\" style=\"background-color: rgba(255,255,255,0);background-image: url(&quot;https:\/\/grupoprointex.com\/cctv\/wp-content\/uploads\/2020\/11\/Introduccion-scaled-1.jpeg&quot;);background-image:linear-gradient(180deg, rgba(37,37,37,0.18) 0%,rgba(37,37,37,0.18) 100%),url(https:\/\/grupoprointex.com\/cctv\/wp-content\/uploads\/2020\/11\/Introduccion-scaled-1.jpeg);background-position: center center;background-repeat: no-repeat;border-width: 0px 0px 0px 0px;border-color:#e2e2e2;border-style:solid;-webkit-background-size:cover;-moz-background-size:cover;-o-background-size:cover;background-size:cover;\" ><div class=\"fusion-builder-row fusion-row fusion-flex-align-items-flex-start\" style=\"max-width:1443.75px;margin-left: calc(-5% \/ 2 );margin-right: calc(-5% \/ 2 );\"><div class=\"fusion-layout-column fusion_builder_column fusion-builder-column-0 fusion_builder_column_2_3 2_3 fusion-flex-column fusion-animated\" data-animationType=\"fadeInLeft\" data-animationDuration=\"1.0\" data-animationOffset=\"100%\"><div class=\"fusion-column-wrapper fusion-flex-justify-content-flex-start fusion-content-layout-row\" style=\"background-position:left top;background-repeat:no-repeat;-webkit-background-size:cover;-moz-background-size:cover;-o-background-size:cover;background-size:cover;padding: 300px 0px 300px 0px;\"><\/div><\/div><style type=\"text\/css\">.fusion-body .fusion-builder-column-0{width:66.666666666667% !important;margin-top : 0px;margin-bottom : 0px;}.fusion-builder-column-0 > .fusion-column-wrapper {padding-top : 300px !important;padding-right : 0px !important;margin-right : 3.5625%;padding-bottom : 300px !important;padding-left : 0px !important;margin-left : 3.5625%;}@media only screen and (max-width:1024px) {.fusion-body .fusion-builder-column-0{width:50% !important;order : 0;}.fusion-builder-column-0 > .fusion-column-wrapper {padding-top : 10vh !important;margin-right : 4.75%;padding-bottom : 10vh !important;margin-left : 4.75%;}}@media only screen and (max-width:740px) {.fusion-body .fusion-builder-column-0{width:100% !important;order : 0;}.fusion-builder-column-0 > .fusion-column-wrapper {padding-top : 8vh !important;padding-right : 2vh !important;margin-right : 2.375%;padding-bottom : 0px !important;padding-left : 2vh !important;margin-left : 2.375%;}}<\/style><div class=\"fusion-layout-column fusion_builder_column fusion-builder-column-1 fusion_builder_column_2_3 2_3 fusion-flex-column fusion-no-medium-visibility fusion-no-large-visibility\"><div class=\"fusion-column-wrapper fusion-flex-justify-content-center fusion-content-layout-row\" style=\"background-position:left top;background-repeat:no-repeat;-webkit-background-size:cover;-moz-background-size:cover;-o-background-size:cover;background-size:cover;padding: 17vh 0px 17vh 0px;\"><\/div><\/div><style type=\"text\/css\">.fusion-body .fusion-builder-column-1{width:66.666666666667% !important;margin-top : 0px;margin-bottom : 0px;}.fusion-builder-column-1 > .fusion-column-wrapper {padding-top : 17vh !important;padding-right : 0px !important;margin-right : 3.5625%;padding-bottom : 17vh !important;padding-left : 0px !important;margin-left : 3.5625%;}@media only screen and (max-width:1024px) {.fusion-body .fusion-builder-column-1{width:60% !important;order : 0;}.fusion-builder-column-1 > .fusion-column-wrapper {padding-top : 10vh !important;margin-right : 3.9583333333333%;padding-bottom : 10vh !important;margin-left : 3.9583333333333%;}}@media only screen and (max-width:740px) {.fusion-body .fusion-builder-column-1{width:100% !important;order : 0;}.fusion-builder-column-1 > .fusion-column-wrapper {padding-top : 0px !important;padding-right : 2vh !important;margin-right : 2.375%;padding-bottom : 8vh !important;padding-left : 2vh !important;margin-left : 2.375%;}}<\/style><\/div><style type=\"text\/css\">.fusion-body .fusion-flex-container.fusion-builder-row-1{ padding-top : 0px;margin-top : 0px;padding-right : 0px;padding-bottom : 0px;margin-bottom : 0px;padding-left : 0px;}@media only screen and (max-width:740px) {.fusion-body .fusion-flex-container.fusion-builder-row-1{ padding-right : 7vh;padding-left : 7vh;}}<\/style><\/div><div class=\"fusion-fullwidth fullwidth-box fusion-builder-row-2 fusion-flex-container nonhundred-percent-fullwidth non-hundred-percent-height-scrolling\" style=\"background-color: rgba(255,255,255,0);background-position: center center;background-repeat: no-repeat;border-width: 0px 0px 0px 0px;border-color:#e2e2e2;border-style:solid;\" ><div class=\"fusion-builder-row fusion-row fusion-flex-align-items-stretch\" style=\"max-width:1443.75px;margin-left: calc(-5% \/ 2 );margin-right: calc(-5% \/ 2 );\"><div class=\"fusion-layout-column fusion_builder_column fusion-builder-column-2 fusion_builder_column_1_2 1_2 fusion-flex-column fusion-flex-align-self-flex-end fusion-animated\" data-animationType=\"fadeInUp\" data-animationDuration=\"1.0\" data-animationOffset=\"100%\"><div class=\"fusion-column-wrapper fusion-flex-justify-content-flex-end fusion-content-layout-column\" style=\"background-position:left top;background-repeat:no-repeat;-webkit-background-size:cover;-moz-background-size:cover;-o-background-size:cover;background-size:cover;background-color:rgba(255,255,255,0.48);padding: 40px 60px 40px 60px;\"><div class=\"fusion-text fusion-text-1\" style=\"transform:translate3d(0,0,0);\"><div class=\"fusion-text\">\n<p align=\"left\">Grupo Prointex es una una empresa joven y emprendedora, que comenz\u00f3 prestando servicios en el campo de la protecci\u00f3n contra incendios.<\/p>\n<p align=\"left\">La demanda por parte de nuestros clientes de sistemas de seguridad integrales, que abarcasen desde el control de accesos, la videovigilancia o la protecci\u00f3n de incendios, nos llev\u00f3 a crear la divisi\u00f3n especializada en seguridad, ampliando nuestra cartera de servicios.<\/p>\n<p align=\"left\">Nuestros profesionales dan a nuestros clientes todo tipo de soluciones t\u00e9cnicas relacionadas con la seguridad, tanto en el proceso de instalaci\u00f3n de los sistemas de seguridad como en el posterior mantenimiento de los mismos.<\/p>\n<p align=\"left\">Grupo Prointex se caracteriza\u00a0 por su profesionalidad,\u00a0 dedicaci\u00f3n personal y una exquisita atenci\u00f3n al cliente.<\/p>\n<\/div>\n<\/div><\/div><\/div><style type=\"text\/css\">.fusion-body .fusion-builder-column-2{width:50% !important;margin-top : 0px;margin-bottom : 70px;}.fusion-builder-column-2 > .fusion-column-wrapper {padding-top : 40px !important;padding-right : 60px !important;margin-right : 30px;padding-bottom : 40px !important;padding-left : 60px !important;margin-left : 4.75%;}@media only screen and (max-width:1024px) {.fusion-body .fusion-builder-column-2{width:40% !important;order : 0;}.fusion-builder-column-2 > .fusion-column-wrapper {padding-top : 60px !important;margin-right : 30px;padding-bottom : 0px !important;margin-left : 5.9375%;}}@media only screen and (max-width:740px) {.fusion-body .fusion-builder-column-2{width:100% !important;order : 1;margin-bottom : 0px;}.fusion-builder-column-2 > .fusion-column-wrapper {padding-top : 0px !important;margin-right : 2.375%;padding-bottom : 0px !important;margin-left : 2.375%;}}<\/style><div class=\"fusion-layout-column fusion_builder_column fusion-builder-column-3 fusion_builder_column_1_2 1_2 fusion-flex-column fusion-no-small-visibility\"><div class=\"fusion-column-wrapper fusion-column-has-shadow fusion-flex-justify-content-flex-end fusion-content-layout-column\" style=\"background-image: url(&#039;https:\/\/grupoprointex.com\/cctv\/wp-content\/uploads\/2020\/11\/eef6f12a-5930-496a-97dc-619fe7f4aec5.jpg&#039;);background-position:right center;background-repeat:no-repeat;-webkit-background-size:cover;-moz-background-size:cover;-o-background-size:cover;background-size:cover;border-radius:6px 6px 6px 80px;border-radius:6px 6px 6px 80px;overflow:hidden;box-shadow:0px 20px 80px 0px rgba(155,78,0,0.13);;padding: 0px 0px 0px 0px;\" data-bg-url=\"https:\/\/grupoprointex.com\/cctv\/wp-content\/uploads\/2020\/11\/eef6f12a-5930-496a-97dc-619fe7f4aec5.jpg\"><\/div><\/div><style type=\"text\/css\">.fusion-body .fusion-builder-column-3{width:50% !important;margin-top : 0px;margin-bottom : 0px;}.fusion-builder-column-3 > .fusion-column-wrapper {padding-top : 0px !important;padding-right : 0px !important;margin-right : 4.75%;padding-bottom : 0px !important;padding-left : 0px !important;margin-left : -20px;}@media only screen and (max-width:1024px) {.fusion-body .fusion-builder-column-3{width:50% !important;order : 0;}.fusion-builder-column-3 > .fusion-column-wrapper {margin-right : 4.75%;margin-left : -20px;}}@media only screen and (max-width:740px) {.fusion-body .fusion-builder-column-3{width:100% !important;order : 0;}.fusion-builder-column-3 > .fusion-column-wrapper {margin-right : 2.375%;margin-left : 2.375%;}}<\/style><\/div><style type=\"text\/css\">.fusion-body .fusion-flex-container.fusion-builder-row-2{ padding-top : 11vh;margin-top : 0px;padding-right : 0px;padding-bottom : 0px;margin-bottom : 3%;padding-left : 0px;}@media only screen and (max-width:1024px) {.fusion-body .fusion-flex-container.fusion-builder-row-2{ padding-top : 5vh;padding-bottom : 5vh;}}@media only screen and (max-width:740px) {.fusion-body .fusion-flex-container.fusion-builder-row-2{ padding-top : 54px;margin-bottom : 0;}}<\/style><\/div><div class=\"fusion-bg-parallax\" data-bg-align=\"center center\" data-direction=\"down\" data-mute=\"false\" data-opacity=\"100\" data-velocity=\"-0.3\" data-mobile-enabled=\"false\" data-break_parents=\"0\" data-bg-image=\"https:\/\/grupoprointex.com\/cctv\/wp-content\/uploads\/2020\/12\/kamera-monitoringu-scaled.jpg\" data-bg-repeat=\"false\" data-bg-gradient-type=\"linear\" data-bg-gradient-angle=\"180\" data-bg-gradient-start-color=\"rgba(37,37,37,0.15)\" data-bg-gradient-start-position=\"0\" data-bg-gradient-end-color=\"rgba(37,37,37,0.15)\" data-bg-gradient-end-position=\"100\" data-bg-radial-direction=\"center center\" ><\/div><div class=\"fusion-fullwidth fullwidth-box fusion-builder-row-3 fusion-flex-container fusion-parallax-down nonhundred-percent-fullwidth non-hundred-percent-height-scrolling\" style=\"background-color: rgba(255,255,255,0);background-image: url(&quot;https:\/\/grupoprointex.com\/cctv\/wp-content\/uploads\/2020\/12\/kamera-monitoringu-scaled.jpg&quot;);background-image:linear-gradient(180deg, rgba(37,37,37,0.15) 0%,rgba(37,37,37,0.15) 100%),url(https:\/\/grupoprointex.com\/cctv\/wp-content\/uploads\/2020\/12\/kamera-monitoringu-scaled.jpg);background-position: center center;background-repeat: no-repeat;border-width: 0px 0px 0px 0px;border-color:#e2e2e2;border-style:solid;-webkit-background-size:cover;-moz-background-size:cover;-o-background-size:cover;background-size:cover;\" ><div class=\"fusion-builder-row fusion-row fusion-flex-align-items-flex-start fusion-flex-justify-content-center\" style=\"max-width:1443.75px;margin-left: calc(-5% \/ 2 );margin-right: calc(-5% \/ 2 );\"><div class=\"fusion-layout-column fusion_builder_column fusion-builder-column-4 fusion_builder_column_5_6 5_6 fusion-flex-column\"><div class=\"fusion-column-wrapper fusion-column-has-shadow fusion-flex-justify-content-flex-start fusion-content-layout-column\" style=\"background-position:left top;background-repeat:no-repeat;-webkit-background-size:cover;-moz-background-size:cover;-o-background-size:cover;background-size:cover;border-radius:6px 6px 6px 6px;background-color:#ffffff;border-radius:6px 6px 6px 6px;overflow:hidden;box-shadow:0px 20px 80px 0px rgba(0,0,0,0.15);;padding: 40px 60px 30px 60px;\"><div class=\"fusion-text fusion-text-2\" style=\"transform:translate3d(0,0,0);\"><p>Desde nuestra p\u00e1gina web ponemos a disposici\u00f3n de todos nuestros clientes una l\u00ednea de venta e instalaci\u00f3n de materiales de alta calidad para la implementaci\u00f3n de sistemas de seguridad integrales con todas las homologaciones y normas CE.<\/p>\n<p>Adem\u00e1s les ampliamos toda la informaci\u00f3n relacionada con nuestros servicios: noticias y recomendaciones, \u00faltimas novedades t\u00e9cnicas en el sector, servicios prestados, as\u00ed como distintas informaciones de inter\u00e9s para nuestros actuales y futuros clientes.<\/p>\n<\/div><\/div><\/div><style type=\"text\/css\">.fusion-body .fusion-builder-column-4{width:83.333333333333% !important;margin-top : 0px;margin-bottom : 0px;}.fusion-builder-column-4 > .fusion-column-wrapper {padding-top : 40px !important;padding-right : 60px !important;margin-right : 2.85%;padding-bottom : 30px !important;padding-left : 60px !important;margin-left : 2.85%;}@media only screen and (max-width:1024px) {.fusion-body .fusion-builder-column-4{width:80% !important;order : 0;}.fusion-builder-column-4 > .fusion-column-wrapper {margin-right : 2.96875%;margin-left : 2.96875%;}}@media only screen and (max-width:740px) {.fusion-body .fusion-builder-column-4{width:100% !important;order : 0;}.fusion-builder-column-4 > .fusion-column-wrapper {margin-right : 2.375%;margin-left : 2.375%;}}<\/style><\/div><style type=\"text\/css\">.fusion-body .fusion-flex-container.fusion-builder-row-3{ padding-top : 110px;margin-top : 0px;padding-right : 0px;padding-bottom : 110px;margin-bottom : 0px;padding-left : 0px;}@media only screen and (max-width:1024px) {.fusion-body .fusion-flex-container.fusion-builder-row-3{ padding-top : 60px;padding-bottom : 60px;}}<\/style><\/div><div class=\"fusion-fullwidth fullwidth-box fusion-builder-row-4 fusion-flex-container nonhundred-percent-fullwidth non-hundred-percent-height-scrolling\" style=\"background-color: #fff9f4;background-position: center center;background-repeat: no-repeat;border-width: 0px 0px 0px 0px;border-color:#e2e2e2;border-style:solid;\" ><div class=\"fusion-builder-row fusion-row fusion-flex-align-items-flex-start\" style=\"max-width:calc( 1375px + 0px );margin-left: calc(-0px \/ 2 );margin-right: calc(-0px \/ 2 );\"><div class=\"fusion-layout-column fusion_builder_column fusion-builder-column-5 fusion-flex-column fusion-flex-align-self-stretch fusion-column-inner-bg-wrapper\"><div class=\"fusion-column-wrapper fusion-column-has-shadow fusion-flex-justify-content-flex-end fusion-content-layout-column\" style=\"border-radius:6px 6px 80px 6px;overflow:hidden;box-shadow:0px 20px 80px 0px rgba(155,78,0,0.13);;padding: 0px 0px 0px 0px;\" data-bg-url=\"https:\/\/grupoprointex.com\/cctv\/wp-content\/uploads\/2020\/12\/fpage.jpg\"><\/div><span class=\"fusion-column-inner-bg hover-type-none\" style=\"overflow:hidden;border-radius:6px 6px 80px 6px;;\"><a href=\"https:\/\/grupoprointex.com\/cctv\/recipes\/\"><span class=\"fusion-column-inner-bg-image\" style=\"background-image: url(&#039;https:\/\/grupoprointex.com\/cctv\/wp-content\/uploads\/2020\/12\/fpage.jpg&#039;);background-position:left top;background-repeat:no-repeat;-webkit-background-size:cover;-moz-background-size:cover;-o-background-size:cover;background-size:cover;border-radius:6px 6px 80px 6px;\"><\/span><\/a><\/span><\/div><style type=\"text\/css\">.fusion-body .fusion-builder-column-5{width:45% !important;margin-top : 0px;margin-bottom : 0px;}.fusion-builder-column-5 > .fusion-column-wrapper {padding-top : 0px !important;padding-right : 0px !important;margin-right : 0px;padding-bottom : 0px !important;padding-left : 0px !important;margin-left : 0px;}.fusion-flex-container .fusion-row .fusion-builder-column-5 > .fusion-column-inner-bg { margin-right:0px;margin-left:0px; }@media only screen and (max-width:1024px) {.fusion-body .fusion-builder-column-5{width:50% !important;order : 0;}.fusion-builder-column-5 > .fusion-column-wrapper {margin-right : 0px;margin-left : 0px;}.fusion-flex-container .fusion-row .fusion-builder-column-5 > .fusion-column-inner-bg { margin-right:0px;margin-left:0px; }}@media only screen and (max-width:740px) {.fusion-body .fusion-builder-column-5{width:100% !important;order : 0;margin-bottom : 0;}.fusion-builder-column-5 > .fusion-column-wrapper {margin-right : 0px;margin-left : 0px;}.fusion-flex-container .fusion-row .fusion-builder-column-5 > .fusion-column-inner-bg { margin-right:0px;margin-left:0px; }}<\/style><div class=\"fusion-layout-column fusion_builder_column fusion-builder-column-6 fusion-flex-column fusion-flex-align-self-center\"><div class=\"fusion-column-wrapper fusion-flex-justify-content-flex-start fusion-content-layout-column\" style=\"background-position:left top;background-repeat:no-repeat;-webkit-background-size:cover;-moz-background-size:cover;-o-background-size:cover;background-size:cover;padding: 120px 20px 120px 180px;\"><div class=\"fusion-text fusion-text-3\" style=\"font-size:21px;transform:translate3d(0,0,0);\"><div class=\"fusion-text\">\n<p>Siempre atentos a proveer de nuevas y modernas soluciones de sistemas de seguridad integrales, mantenemos una puerta abierta de comunicaci\u00f3n con nuestros clientes.<\/p>\n<p>Si tiene cualquier consulta acerca de nuestra empresa, necesita pedirnos m\u00e1s informaci\u00f3n acerca de nuestros productos o tiene cualquier otra cuesti\u00f3n, no lo dude y p\u00f3ngase en contacto con nosotros. Nuestro servicio de atenci\u00f3n al cliente estar\u00e1 encantado de atenderle.<\/p>\n<\/div>\n<\/div><div class=\"fusion-separator fusion-full-width-sep\" style=\"align-self: center;margin-left: auto;margin-right: auto;margin-bottom:3%;width:100%;\"><\/div><div ><style type=\"text\/css\">.fusion-button.button-1 {border-radius:4px;}<\/style><a class=\"fusion-button button-flat button-xlarge button-default button-1 fusion-button-default-span fusion-button-default-type\" target=\"_self\" href=\"https:\/\/grupoprointex.com\/cctv\/contacto\/\"><span class=\"fusion-button-text\">Contacto<\/span><\/a><\/div><\/div><\/div><style type=\"text\/css\">.fusion-body .fusion-builder-column-6{width:55% !important;margin-top : 0px;margin-bottom : 0px;}.fusion-builder-column-6 > .fusion-column-wrapper {padding-top : 120px !important;padding-right : 20px !important;margin-right : 0px;padding-bottom : 120px !important;padding-left : 180px !important;margin-left : 0px;}@media only screen and (max-width:1024px) {.fusion-body .fusion-builder-column-6{width:50% !important;order : 0;}.fusion-builder-column-6 > .fusion-column-wrapper {padding-top : 80px !important;padding-right : 80px !important;margin-right : 0px;padding-bottom : 80px !important;padding-left : 80px !important;margin-left : 0px;}}@media only screen and (max-width:740px) {.fusion-body .fusion-builder-column-6{width:100% !important;order : 1;}.fusion-builder-column-6 > .fusion-column-wrapper {padding-top : 60px !important;padding-right : 0 !important;margin-right : 0px;padding-bottom : 60px !important;padding-left : 0 !important;margin-left : 0px;}}<\/style><div class=\"fusion-layout-column fusion_builder_column fusion-builder-column-7 fusion_builder_column_1_1 1_1 fusion-flex-column fusion-no-small-visibility\"><div class=\"fusion-column-wrapper fusion-flex-justify-content-flex-start fusion-content-layout-column\" style=\"background-position:left top;background-repeat:no-repeat;-webkit-background-size:cover;-moz-background-size:cover;-o-background-size:cover;background-size:cover;padding: 0px 0px 0px 0px;\"><div class=\"fusion-separator fusion-full-width-sep\" style=\"align-self: center;margin-left: auto;margin-right: auto;margin-bottom:6%;width:100%;\"><\/div><\/div><\/div><style type=\"text\/css\">.fusion-body .fusion-builder-column-7{width:100% !important;margin-top : 0px;margin-bottom : 0px;}.fusion-builder-column-7 > .fusion-column-wrapper {padding-top : 0px !important;padding-right : 0px !important;margin-right : 0px;padding-bottom : 0px !important;padding-left : 0px !important;margin-left : 0px;}@media only screen and (max-width:1024px) {.fusion-body .fusion-builder-column-7{width:100% !important;order : 0;}.fusion-builder-column-7 > .fusion-column-wrapper {margin-right : 0px;margin-left : 0px;}}@media only screen and (max-width:740px) {.fusion-body .fusion-builder-column-7{width:100% !important;order : 2;}.fusion-builder-column-7 > .fusion-column-wrapper {margin-right : 0px;margin-left : 0px;}}<\/style><\/div><style type=\"text\/css\">.fusion-body .fusion-flex-container.fusion-builder-row-4{ padding-top : 150px;margin-top : 0px;padding-right : 0px;padding-bottom : 0px;margin-bottom : 0px;padding-left : 0px;}@media only screen and (max-width:1024px) {.fusion-body .fusion-flex-container.fusion-builder-row-4{ padding-top : 60px;}}@media only screen and (max-width:740px) {.fusion-body .fusion-flex-container.fusion-builder-row-4{ padding-top : 60px;}}<\/style><\/div><\/p>\n","protected":false},"excerpt":{"rendered":"","protected":false},"author":1,"featured_media":0,"parent":0,"menu_order":0,"comment_status":"closed","ping_status":"closed","template":"100-width.php","meta":[],"yst_prominent_words":[],"_links":{"self":[{"href":"https:\/\/grupoprointex.com\/cctv\/wp-json\/wp\/v2\/pages\/9"}],"collection":[{"href":"https:\/\/grupoprointex.com\/cctv\/wp-json\/wp\/v2\/pages"}],"about":[{"href":"https:\/\/grupoprointex.com\/cctv\/wp-json\/wp\/v2\/types\/page"}],"author":[{"embeddable":true,"href":"https:\/\/grupoprointex.com\/cctv\/wp-json\/wp\/v2\/users\/1"}],"replies":[{"embeddable":true,"href":"https:\/\/grupoprointex.com\/cctv\/wp-json\/wp\/v2\/comments?post=9"}],"version-history":[{"count":0,"href":"https:\/\/grupoprointex.com\/cctv\/wp-json\/wp\/v2\/pages\/9\/revisions"}],"wp:attachment":[{"href":"https:\/\/grupoprointex.com\/cctv\/wp-json\/wp\/v2\/media?parent=9"}],"wp:term":[{"taxonomy":"yst_prominent_words","embeddable":true,"href":"https:\/\/grupoprointex.com\/cctv\/wp-json\/wp\/v2\/yst_prominent_words?post=9"}],"curies":[{"name":"wp","href":"https:\/\/api.w.org\/{rel}","templated":true}]}}