{"id":3,"date":"2020-11-24T09:46:05","date_gmt":"2020-11-24T09:46:05","guid":{"rendered":"https:\/\/grupoprointex.com\/cctv\/?page_id=3"},"modified":"2023-09-28T16:32:44","modified_gmt":"2023-09-28T16:32:44","slug":"politica-de-privacidad","status":"publish","type":"page","link":"https:\/\/grupoprointex.com\/cctv\/politica-de-privacidad\/","title":{"rendered":"Pol\u00edtica de privacidad"},"content":{"rendered":"<div class=\"post-content\">\n<p>El contenido de la pol\u00edtica de privacidad, en cumplimiento del Reglamento General de Protecci\u00f3n de Datos (UE) 2016\/679 del Parlamento Europeo y del Consejo de 27 de abril de 2016 y la ley org\u00e1nica 3\/2018 de 5 de diciembre de Protecci\u00f3n de Datos Personales y de Garant\u00eda de los Derechos Digitales, le informamos que:<\/p>\n<p>La empresa titular del presente dominio y Responsable del Tratamiento de la web www.grupoprointex.com es <strong>GRUPO PROINTEX S.L.L.<\/strong>, con domicilio a estos efectos en \u00a0<strong>C\/ Ori\u00f3n, n\u00ba 5, Pol. Ind. \u00abLas Cubiertas\u00bb, 28971 Gri\u00f1\u00f3n, Madrid<\/strong>, n\u00famero de C.I.F.: <strong>B86348653<\/strong>.<\/p>\n<p>Correo electr\u00f3nico de Protecci\u00f3n de Datos: <strong><a href=\"mailto:info@grupoprointex.com\">info@grupoprointex.com<\/a><\/strong><\/p>\n<p>El Responsable del tratamiento, <strong>GRUPO PROINTEX S.L.L.<\/strong>, con la finalidad de gestionar la recogida de sus datos en el uso de nuestros formularios. En los formularios de contacto existentes en la web, donde se recogen datos de car\u00e1cter personal, el usuario deber\u00e1 consentir de manera expresa y con car\u00e1cter previo al env\u00edo de los mismos, la aceptaci\u00f3n y conocimiento de la pol\u00edtica de privacidad mediante la cumplimentaci\u00f3n del check \u00abhe le\u00eddo y acepto la pol\u00edtica de privacidad\u00bb y a cuyo contenido podr\u00e1 tener acceso mediante el enlace adjunto que le remitir\u00e1 el presente aviso legal. Si el campo check no fuere marcado por el usuario, no se realizar\u00e1 el env\u00edo de los datos contenidos en dichos formularios. Entiendo que estoy dando mi permiso para el uso y tratamiento de mis datos personales as\u00ed como de la informaci\u00f3n solicitada o a contratar.<\/p>\n<p>La base legal para el tratamiento de sus datos es el consentimiento por usted prestado, su consentimiento se podr\u00e1 revocar en cualquier momento por usted o su representante legal. Conservaremos sus datos el tiempo estrictamente necesario para responder a exigencias legales.<\/p>\n<p>Los datos no se ceder\u00e1n a terceros salvo en los casos en que exista una obligaci\u00f3n legal. No est\u00e1n previstas las transferencias de datos a terceros pa\u00edses.<\/p>\n<p>Puede ejercer sus derechos de acceso, rectificaci\u00f3n, supresi\u00f3n y portabilidad de sus datos, y la limitaci\u00f3n u oposici\u00f3n a su tratamiento a trav\u00e9s del correo electr\u00f3nico <strong><a href=\"mailto:info@grupoprointex.com\">info@grupoprointex.com<\/a><\/strong> o en la direcci\u00f3n postal <strong>C\/ Ori\u00f3n, n\u00ba 5, Pol. Ind. \u00abLas Cubiertas\u00bb, 28971 Gri\u00f1\u00f3n, Madrid<\/strong>, n\u00famero de C.I.F.: <strong>B86348653<\/strong>.<\/p>\n<p>De igual modo, podr\u00eda interponer una reclamaci\u00f3n ante la Autoridad de Control en www.aepd.es Sus datos han sido directamente proporcionados por el usted a trav\u00e9s de la web, tratamos sus datos identificativos, direcci\u00f3n postal, direcci\u00f3n electr\u00f3nica, comercial de nuestros servicios solicitados.<\/p>\n<\/div>\n","protected":false},"excerpt":{"rendered":"<p>El contenido de la pol\u00edtica de privacidad, en cumplimiento del [&hellip;]<\/p>\n","protected":false},"author":1,"featured_media":0,"parent":0,"menu_order":0,"comment_status":"closed","ping_status":"closed","template":"","meta":[],"yst_prominent_words":[],"_links":{"self":[{"href":"https:\/\/grupoprointex.com\/cctv\/wp-json\/wp\/v2\/pages\/3"}],"collection":[{"href":"https:\/\/grupoprointex.com\/cctv\/wp-json\/wp\/v2\/pages"}],"about":[{"href":"https:\/\/grupoprointex.com\/cctv\/wp-json\/wp\/v2\/types\/page"}],"author":[{"embeddable":true,"href":"https:\/\/grupoprointex.com\/cctv\/wp-json\/wp\/v2\/users\/1"}],"replies":[{"embeddable":true,"href":"https:\/\/grupoprointex.com\/cctv\/wp-json\/wp\/v2\/comments?post=3"}],"version-history":[{"count":1,"href":"https:\/\/grupoprointex.com\/cctv\/wp-json\/wp\/v2\/pages\/3\/revisions"}],"predecessor-version":[{"id":3649,"href":"https:\/\/grupoprointex.com\/cctv\/wp-json\/wp\/v2\/pages\/3\/revisions\/3649"}],"wp:attachment":[{"href":"https:\/\/grupoprointex.com\/cctv\/wp-json\/wp\/v2\/media?parent=3"}],"wp:term":[{"taxonomy":"yst_prominent_words","embeddable":true,"href":"https:\/\/grupoprointex.com\/cctv\/wp-json\/wp\/v2\/yst_prominent_words?post=3"}],"curies":[{"name":"wp","href":"https:\/\/api.w.org\/{rel}","templated":true}]}}