{"id":2174,"date":"2016-05-03T10:21:22","date_gmt":"2016-05-03T10:21:22","guid":{"rendered":"https:\/\/grupoprointex.com\/cctv\/?page_id=2174"},"modified":"2020-12-02T15:04:21","modified_gmt":"2020-12-02T15:04:21","slug":"analisis-de-video","status":"publish","type":"page","link":"https:\/\/grupoprointex.com\/cctv\/analisis-de-video\/","title":{"rendered":"An\u00e1lisis de v\u00eddeo"},"content":{"rendered":"<p><div class=\"fusion-fullwidth fullwidth-box fusion-builder-row-1 fusion-flex-container fusion-parallax-none nonhundred-percent-fullwidth non-hundred-percent-height-scrolling\" style=\"background-color: rgba(255,255,255,0);background-image: url(&quot;https:\/\/grupoprointex.com\/cctv\/wp-content\/uploads\/2020\/12\/analisis-de-video.jpg&quot;);background-image:linear-gradient(180deg, rgba(37,37,37,0.18) 0%,rgba(37,37,37,0.18) 100%),url(https:\/\/grupoprointex.com\/cctv\/wp-content\/uploads\/2020\/12\/analisis-de-video.jpg);background-position: center center;background-repeat: no-repeat;border-width: 0px 0px 0px 0px;border-color:#e2e2e2;border-style:solid;-webkit-background-size:cover;-moz-background-size:cover;-o-background-size:cover;background-size:cover;min-height:500px;\" ><div class=\"fusion-builder-row fusion-row fusion-flex-align-items-stretch fusion-flex-align-content-center fusion-flex-justify-content-center\" style=\"max-width:calc( 1375px + 0px );margin-left: calc(-0px \/ 2 );margin-right: calc(-0px \/ 2 );\"><div class=\"fusion-layout-column fusion_builder_column fusion-builder-column-0 fusion_builder_column_3_4 3_4 fusion-flex-column fusion-animated\" data-animationType=\"fadeInUp\" data-animationDuration=\"1.0\" data-animationOffset=\"100%\"><div class=\"fusion-column-wrapper fusion-flex-justify-content-center fusion-content-layout-row\" style=\"background-position:left top;background-repeat:no-repeat;-webkit-background-size:cover;-moz-background-size:cover;-o-background-size:cover;background-size:cover;padding: 0px 0px 0px 0px;\"><\/div><\/div><style type=\"text\/css\">.fusion-body .fusion-builder-column-0{width:75% !important;margin-top : 0px;margin-bottom : 0px;}.fusion-builder-column-0 > .fusion-column-wrapper {padding-top : 0px !important;padding-right : 0px !important;margin-right : 0;padding-bottom : 0px !important;padding-left : 0px !important;margin-left : 0;}@media only screen and (max-width:1024px) {.fusion-body .fusion-builder-column-0{width:50% !important;order : 0;}.fusion-builder-column-0 > .fusion-column-wrapper {margin-right : 0;margin-left : 0;}}@media only screen and (max-width:740px) {.fusion-body .fusion-builder-column-0{width:100% !important;order : 0;}.fusion-builder-column-0 > .fusion-column-wrapper {padding-top : 0 !important;padding-right : 30px !important;margin-right : 0;padding-bottom : 0 !important;padding-left : 30px !important;margin-left : 0;}}<\/style><\/div><style type=\"text\/css\">.fusion-body .fusion-flex-container.fusion-builder-row-1{ padding-top : 17vh;margin-top : 0px;padding-right : 0px;padding-bottom : 17vh;margin-bottom : 0px;padding-left : 0px;}@media only screen and (max-width:1024px) {.fusion-body .fusion-flex-container.fusion-builder-row-1{ padding-top : 12vh;padding-bottom : 12vh;}}@media only screen and (max-width:740px) {.fusion-body .fusion-flex-container.fusion-builder-row-1{ padding-top : 12vh;padding-bottom : 12vh;}}<\/style><\/div><div class=\"fusion-fullwidth fullwidth-box fusion-builder-row-2 fusion-flex-container nonhundred-percent-fullwidth non-hundred-percent-height-scrolling\" style=\"background-color: #f6f6f6;background-position: center center;background-repeat: no-repeat;border-width: 0px 0px 0px 0px;border-color:#e2e2e2;border-style:solid;\" ><div class=\"fusion-builder-row fusion-row fusion-flex-align-items-flex-start\" style=\"max-width:calc( 1375px + 0px );margin-left: calc(-0px \/ 2 );margin-right: calc(-0px \/ 2 );\"><div class=\"fusion-layout-column fusion_builder_column fusion-builder-column-1 fusion-flex-column fusion-flex-align-self-center\"><div class=\"fusion-column-wrapper fusion-column-has-shadow fusion-flex-justify-content-center fusion-content-layout-column\" style=\"background-position:left top;background-repeat:no-repeat;-webkit-background-size:cover;-moz-background-size:cover;-o-background-size:cover;background-size:cover;border-radius:6px 6px 80px 6px;border-radius:6px 6px 80px 6px;overflow:hidden;box-shadow:0px 20px 80px 0px rgba(155,78,0,0.13);;padding: 0px 0px 0px 0px;\"><div ><span class=\" fusion-imageframe imageframe-none imageframe-1 hover-type-none\" style=\"border-radius:6PX 6PX 35PX 6PX;\"><img width=\"2000\" height=\"1209\" alt=\"an\u00e1lisis de v\u00eddeo\" title=\"an\u00e1lisis de v\u00eddeo (2)\" src=\"https:\/\/grupoprointex.com\/cctv\/wp-content\/uploads\/2020\/12\/analisis-de-video-2.jpg\" class=\"img-responsive wp-image-3411\" srcset=\"https:\/\/grupoprointex.com\/cctv\/wp-content\/uploads\/2020\/12\/analisis-de-video-2-200x121.jpg 200w, https:\/\/grupoprointex.com\/cctv\/wp-content\/uploads\/2020\/12\/analisis-de-video-2-400x242.jpg 400w, https:\/\/grupoprointex.com\/cctv\/wp-content\/uploads\/2020\/12\/analisis-de-video-2-600x363.jpg 600w, https:\/\/grupoprointex.com\/cctv\/wp-content\/uploads\/2020\/12\/analisis-de-video-2-800x484.jpg 800w, https:\/\/grupoprointex.com\/cctv\/wp-content\/uploads\/2020\/12\/analisis-de-video-2-1200x725.jpg 1200w, https:\/\/grupoprointex.com\/cctv\/wp-content\/uploads\/2020\/12\/analisis-de-video-2.jpg 2000w\" sizes=\"(max-width: 1024px) 100vw, (max-width: 740px) 100vw, 800px\" \/><\/span><\/div><\/div><\/div><style type=\"text\/css\">.fusion-body .fusion-builder-column-1{width:45% !important;margin-top : 0px;margin-bottom : 0px;}.fusion-builder-column-1 > .fusion-column-wrapper {padding-top : 0px !important;padding-right : 0px !important;margin-right : 0px;padding-bottom : 0px !important;padding-left : 0px !important;margin-left : 0px;}@media only screen and (max-width:1024px) {.fusion-body .fusion-builder-column-1{width:50% !important;order : 0;}.fusion-builder-column-1 > .fusion-column-wrapper {margin-right : 0px;margin-left : 0px;}}@media only screen and (max-width:740px) {.fusion-body .fusion-builder-column-1{width:100% !important;order : 0;margin-bottom : 0;}.fusion-builder-column-1 > .fusion-column-wrapper {margin-right : 0px;margin-left : 0px;}}<\/style><div class=\"fusion-layout-column fusion_builder_column fusion-builder-column-2 fusion-flex-column fusion-flex-align-self-center\"><div class=\"fusion-column-wrapper fusion-flex-justify-content-flex-start fusion-content-layout-column\" style=\"background-position:left top;background-repeat:no-repeat;-webkit-background-size:cover;-moz-background-size:cover;-o-background-size:cover;background-size:cover;padding: 120px 20px 120px 180px;\"><style type=\"text\/css\">.fusion-title.fusion-title-1 svg path{stroke:#d1b06a!important}.fusion-title.fusion-title-1 svg{margin-top:-4px!important}.fusion-title.fusion-title-1 svg path{stroke-width:5!important}@media only screen and (max-width:1024px) {.fusion-title.fusion-title-1{margin-top:10px!important;margin-bottom:40px!important;}}@media only screen and (max-width:740px) {.fusion-title.fusion-title-1{margin-top:10px!important;margin-bottom:10px!important;}}<\/style><div class=\"fusion-title title fusion-title-1 fusion-sep-none fusion-title-highlight fusion-loop-off fusion-highlight-underline fusion-title-size-two\" style=\"font-size:43px;margin-top:10px;margin-bottom:40px;\" data-highlight=\"underline\"><h2 class=\"title-heading-left\" style=\"margin:0;font-size:1em;line-height:1.35em;\"><span class=\"fusion-highlighted-text-prefix\">An\u00e1lisis de<\/span> <span class=\"fusion-highlighted-text-wrapper\"><span class=\"fusion-highlighted-text\" style=\"color:#d1b06a;\">v\u00eddeo<\/span><\/span> <span class=\"fusion-highlighted-text-postfix\"><\/span><\/h2><\/div><div class=\"fusion-text fusion-text-1\" style=\"transform:translate3d(0,0,0);\"><p>El an\u00e1lisis de v\u00eddeo examina las im\u00e1genes captadas por las c\u00e1maras de videovigilancia o del circuito cerrado de televisi\u00f3n y mediante el uso de inteligencia artificial es\u00a0 capaz de detectar personas en actitudes sospechosas, controlar el aforo de establecimientos comerciales, detectar la temperatura mediante la aplicaci\u00f3n de c\u00e1maras t\u00e9rmicas o la detecci\u00f3n e identificaci\u00f3n de matr\u00edculas.<\/p>\n<\/div><\/div><\/div><style type=\"text\/css\">.fusion-body .fusion-builder-column-2{width:55% !important;margin-top : 0px;margin-bottom : 0px;}.fusion-builder-column-2 > .fusion-column-wrapper {padding-top : 120px !important;padding-right : 20px !important;margin-right : 0px;padding-bottom : 120px !important;padding-left : 180px !important;margin-left : 0px;}@media only screen and (max-width:1024px) {.fusion-body .fusion-builder-column-2{width:50% !important;order : 0;}.fusion-builder-column-2 > .fusion-column-wrapper {padding-top : 80px !important;padding-right : 39px !important;margin-right : 0px;padding-bottom : 80px !important;padding-left : 80px !important;margin-left : 0px;}}@media only screen and (max-width:740px) {.fusion-body .fusion-builder-column-2{width:100% !important;order : 1;}.fusion-builder-column-2 > .fusion-column-wrapper {padding-top : 60px !important;padding-right : 0 !important;margin-right : 0px;padding-bottom : 60px !important;padding-left : 0 !important;margin-left : 0px;}}<\/style><\/div><style type=\"text\/css\">.fusion-body .fusion-flex-container.fusion-builder-row-2{ padding-top : 100px;margin-top : 0px;padding-right : 0px;padding-bottom : 100px;margin-bottom : 0px;padding-left : 0px;}@media only screen and (max-width:1024px) {.fusion-body .fusion-flex-container.fusion-builder-row-2{ padding-top : 60px;}}@media only screen and (max-width:740px) {.fusion-body .fusion-flex-container.fusion-builder-row-2{ padding-top : 60px;}}<\/style><\/div><div class=\"fusion-fullwidth fullwidth-box fusion-builder-row-3 fusion-flex-container nonhundred-percent-fullwidth non-hundred-percent-height-scrolling\" style=\"background-color: rgba(255,255,255,0);background-position: center center;background-repeat: no-repeat;border-width: 0px 0px 0px 0px;border-color:#e2e2e2;border-style:solid;\" ><div class=\"fusion-builder-row fusion-row fusion-flex-align-items-stretch\" style=\"max-width:1443.75px;margin-left: calc(-5% \/ 2 );margin-right: calc(-5% \/ 2 );\"><div class=\"fusion-layout-column fusion_builder_column fusion-builder-column-3 fusion_builder_column_1_3 1_3 fusion-flex-column fusion-animated\" data-animationType=\"fadeInUp\" data-animationDuration=\"1.0\" data-animationOffset=\"100%\"><div class=\"fusion-column-wrapper fusion-column-has-shadow fusion-flex-justify-content-flex-start fusion-content-layout-column\" style=\"background-position:left top;background-repeat:no-repeat;-webkit-background-size:cover;-moz-background-size:cover;-o-background-size:cover;background-size:cover;border-radius:8px 8px 8px 8px;background-color:#ffffff;border-radius:8px 8px 8px 8px;overflow:hidden;box-shadow:0px 10px 14px 9px rgba(0,0,0,0.1);;padding: 0px 25px 50px 25px;\"><div style=\"text-align:center;\"><span class=\" fusion-imageframe imageframe-dropshadow imageframe-2 hover-type-zoomin\" style=\"-webkit-box-shadow: 3px 3px 7px rgba(0,0,0,0.3);box-shadow: 3px 3px 7px rgba(0,0,0,0.3);\"><img width=\"1200\" height=\"800\" alt=\"an\u00e1lisis de v\u00eddeo\" title=\"An\u00e1lisis de v\u00eddeo &#8211; Control de aforo\" src=\"https:\/\/grupoprointex.com\/cctv\/wp-content\/uploads\/2020\/12\/Analisis-de-video-Control-de-aforo.jpg\" class=\"img-responsive wp-image-3409\" srcset=\"https:\/\/grupoprointex.com\/cctv\/wp-content\/uploads\/2020\/12\/Analisis-de-video-Control-de-aforo-200x133.jpg 200w, https:\/\/grupoprointex.com\/cctv\/wp-content\/uploads\/2020\/12\/Analisis-de-video-Control-de-aforo-400x267.jpg 400w, https:\/\/grupoprointex.com\/cctv\/wp-content\/uploads\/2020\/12\/Analisis-de-video-Control-de-aforo-600x400.jpg 600w, https:\/\/grupoprointex.com\/cctv\/wp-content\/uploads\/2020\/12\/Analisis-de-video-Control-de-aforo-800x533.jpg 800w, https:\/\/grupoprointex.com\/cctv\/wp-content\/uploads\/2020\/12\/Analisis-de-video-Control-de-aforo.jpg 1200w\" sizes=\"(max-width: 1024px) 100vw, (max-width: 740px) 100vw, 400px\" \/><\/span><\/div><div class=\"fusion-text fusion-text-2\" style=\"transform:translate3d(0,0,0);\"><h3 style=\"text-align: justify;\">Control de aforos<\/h3>\n<p style=\"text-align: justify;\">Con este sistema inteligente de an\u00e1lisis de v\u00eddeo se puede controlar el\u00a0 <strong>n\u00famero de personas<\/strong> que acceden un local en tiempo real, conociendo as\u00ed la <strong>afluencia diaria, semanal o mensual<\/strong> de clientes a su negocio. Adem\u00e1s en la actualidad es utilizado para cumplir la normativa en cuanto a aforos en locales comerciales y de hosteler\u00eda.<\/p>\n<\/div><\/div><\/div><style type=\"text\/css\">.fusion-body .fusion-builder-column-3{width:33.333333333333% !important;margin-top : 0px;margin-bottom : 20px;}.fusion-builder-column-3 > .fusion-column-wrapper {padding-top : 0px !important;padding-right : 25px !important;margin-right : 7.125%;padding-bottom : 50px !important;padding-left : 25px !important;margin-left : 7.125%;}@media only screen and (max-width:1024px) {.fusion-body .fusion-builder-column-3{width:33.33% !important;order : 0;}.fusion-builder-column-3 > .fusion-column-wrapper {margin-right : 7.1257125712571%;margin-left : 7.1257125712571%;}}@media only screen and (max-width:740px) {.fusion-body .fusion-builder-column-3{width:100% !important;order : 0;}.fusion-builder-column-3 > .fusion-column-wrapper {margin-right : 2.375%;margin-left : 2.375%;}}<\/style><div class=\"fusion-layout-column fusion_builder_column fusion-builder-column-4 fusion_builder_column_1_3 1_3 fusion-flex-column fusion-animated\" data-animationType=\"fadeInUp\" data-animationDuration=\"1.0\" data-animationOffset=\"100%\"><div class=\"fusion-column-wrapper fusion-column-has-shadow fusion-flex-justify-content-flex-start fusion-content-layout-column\" style=\"background-position:left top;background-repeat:no-repeat;-webkit-background-size:cover;-moz-background-size:cover;-o-background-size:cover;background-size:cover;border-radius:8px 8px 8px 8px;background-color:#ffffff;border-radius:8px 8px 8px 8px;overflow:hidden;box-shadow:0px 10px 14px 9px rgba(0,0,0,0.1);;padding: 0px 25px 50px 25px;\"><div style=\"text-align:center;\"><span class=\" fusion-imageframe imageframe-dropshadow imageframe-3 hover-type-zoomin\" style=\"-webkit-box-shadow: 3px 3px 7px rgba(0,0,0,0.3);box-shadow: 3px 3px 7px rgba(0,0,0,0.3);\"><img width=\"1200\" height=\"799\" alt=\"an\u00e1lisis de v\u00eddeo\" title=\"an\u00e1lisis de v\u00eddeo &#8211; lector de matr\u00edculas\" src=\"https:\/\/grupoprointex.com\/cctv\/wp-content\/uploads\/2020\/12\/analisis-de-video-lector-de-matriculas.jpg\" class=\"img-responsive wp-image-3408\" srcset=\"https:\/\/grupoprointex.com\/cctv\/wp-content\/uploads\/2020\/12\/analisis-de-video-lector-de-matriculas-200x133.jpg 200w, https:\/\/grupoprointex.com\/cctv\/wp-content\/uploads\/2020\/12\/analisis-de-video-lector-de-matriculas-400x266.jpg 400w, https:\/\/grupoprointex.com\/cctv\/wp-content\/uploads\/2020\/12\/analisis-de-video-lector-de-matriculas-600x400.jpg 600w, https:\/\/grupoprointex.com\/cctv\/wp-content\/uploads\/2020\/12\/analisis-de-video-lector-de-matriculas-800x533.jpg 800w, https:\/\/grupoprointex.com\/cctv\/wp-content\/uploads\/2020\/12\/analisis-de-video-lector-de-matriculas.jpg 1200w\" sizes=\"(max-width: 1024px) 100vw, (max-width: 740px) 100vw, 400px\" \/><\/span><\/div><div class=\"fusion-text fusion-text-3\" style=\"transform:translate3d(0,0,0);\"><h3 style=\"text-align: justify;\">Lectura de matr\u00edculas<\/h3>\n<p><strong>Sistema de an\u00e1lisis de v\u00eddeo<\/strong> que es capaz de <strong>leer, reconocer y analizar matr\u00edculas <\/strong>de forma r\u00e1pida y disponer as\u00ed de un mayor control de acceso de veh\u00edculos a sus instalaciones, ya sea un parking p\u00fablico o un acceso privado a una empresa.<\/p>\n<\/div><\/div><\/div><style type=\"text\/css\">.fusion-body .fusion-builder-column-4{width:33.333333333333% !important;margin-top : 0px;margin-bottom : 20px;}.fusion-builder-column-4 > .fusion-column-wrapper {padding-top : 0px !important;padding-right : 25px !important;margin-right : 7.125%;padding-bottom : 50px !important;padding-left : 25px !important;margin-left : 7.125%;}@media only screen and (max-width:1024px) {.fusion-body .fusion-builder-column-4{width:33.33% !important;order : 0;}.fusion-builder-column-4 > .fusion-column-wrapper {margin-right : 7.1257125712571%;margin-left : 7.1257125712571%;}}@media only screen and (max-width:740px) {.fusion-body .fusion-builder-column-4{width:100% !important;order : 0;}.fusion-builder-column-4 > .fusion-column-wrapper {margin-right : 2.375%;margin-left : 2.375%;}}<\/style><div class=\"fusion-layout-column fusion_builder_column fusion-builder-column-5 fusion_builder_column_1_3 1_3 fusion-flex-column fusion-animated\" data-animationType=\"fadeInUp\" data-animationDuration=\"1.0\" data-animationOffset=\"100%\"><div class=\"fusion-column-wrapper fusion-column-has-shadow fusion-flex-justify-content-flex-start fusion-content-layout-column\" style=\"background-position:left top;background-repeat:no-repeat;-webkit-background-size:cover;-moz-background-size:cover;-o-background-size:cover;background-size:cover;border-radius:8px 8px 8px 8px;background-color:#ffffff;border-radius:8px 8px 8px 8px;overflow:hidden;box-shadow:0px 10px 14px 9px rgba(0,0,0,0.1);;padding: 0px 25px 50px 25px;\"><div style=\"text-align:center;\"><span class=\" fusion-imageframe imageframe-dropshadow imageframe-4 hover-type-zoomin\" style=\"-webkit-box-shadow: 3px 3px 7px rgba(0,0,0,0.3);box-shadow: 3px 3px 7px rgba(0,0,0,0.3);\"><img width=\"1200\" height=\"800\" alt=\"an\u00e1lisis de v\u00eddeo\" title=\"an\u00e1lisis de v\u00eddeo &#8211; reconocimiento facial\" src=\"https:\/\/grupoprointex.com\/cctv\/wp-content\/uploads\/2020\/12\/analisis-de-video-reconocimiento-facial.jpeg\" class=\"img-responsive wp-image-3410\" srcset=\"https:\/\/grupoprointex.com\/cctv\/wp-content\/uploads\/2020\/12\/analisis-de-video-reconocimiento-facial-200x133.jpeg 200w, https:\/\/grupoprointex.com\/cctv\/wp-content\/uploads\/2020\/12\/analisis-de-video-reconocimiento-facial-400x267.jpeg 400w, https:\/\/grupoprointex.com\/cctv\/wp-content\/uploads\/2020\/12\/analisis-de-video-reconocimiento-facial-600x400.jpeg 600w, https:\/\/grupoprointex.com\/cctv\/wp-content\/uploads\/2020\/12\/analisis-de-video-reconocimiento-facial-800x533.jpeg 800w, https:\/\/grupoprointex.com\/cctv\/wp-content\/uploads\/2020\/12\/analisis-de-video-reconocimiento-facial.jpeg 1200w\" sizes=\"(max-width: 1024px) 100vw, (max-width: 740px) 100vw, 400px\" \/><\/span><\/div><div class=\"fusion-text fusion-text-4\" style=\"transform:translate3d(0,0,0);\"><h3 style=\"text-align: justify;\">Reconocimiento facial<\/h3>\n<p>Sistemas de reconocimiento facial para el control de aforos o el control de acceso a las instalaciones de una empresa que detectan qu\u00e9 persona y en qu\u00e9 momento realiza una determinada acci\u00f3n.<\/p>\n<\/div><\/div><\/div><style type=\"text\/css\">.fusion-body .fusion-builder-column-5{width:33.333333333333% !important;margin-top : 0px;margin-bottom : 20px;}.fusion-builder-column-5 > .fusion-column-wrapper {padding-top : 0px !important;padding-right : 25px !important;margin-right : 7.125%;padding-bottom : 50px !important;padding-left : 25px !important;margin-left : 7.125%;}@media only screen and (max-width:1024px) {.fusion-body .fusion-builder-column-5{width:33.33% !important;order : 0;}.fusion-builder-column-5 > .fusion-column-wrapper {margin-right : 7.1257125712571%;margin-left : 7.1257125712571%;}}@media only screen and (max-width:740px) {.fusion-body .fusion-builder-column-5{width:100% !important;order : 0;}.fusion-builder-column-5 > .fusion-column-wrapper {margin-right : 2.375%;margin-left : 2.375%;}}<\/style><\/div><style type=\"text\/css\">.fusion-fullwidth.fusion-builder-row-3 { overflow:visible; }.fusion-body .fusion-flex-container.fusion-builder-row-3{ padding-top : 60px;margin-top : 0px;padding-right : 0px;padding-bottom : 60px;margin-bottom : 0px;padding-left : 0px;}<\/style><\/div><\/p>\n","protected":false},"excerpt":{"rendered":"","protected":false},"author":1,"featured_media":0,"parent":0,"menu_order":0,"comment_status":"closed","ping_status":"closed","template":"100-width.php","meta":[],"yst_prominent_words":[],"_links":{"self":[{"href":"https:\/\/grupoprointex.com\/cctv\/wp-json\/wp\/v2\/pages\/2174"}],"collection":[{"href":"https:\/\/grupoprointex.com\/cctv\/wp-json\/wp\/v2\/pages"}],"about":[{"href":"https:\/\/grupoprointex.com\/cctv\/wp-json\/wp\/v2\/types\/page"}],"author":[{"embeddable":true,"href":"https:\/\/grupoprointex.com\/cctv\/wp-json\/wp\/v2\/users\/1"}],"replies":[{"embeddable":true,"href":"https:\/\/grupoprointex.com\/cctv\/wp-json\/wp\/v2\/comments?post=2174"}],"version-history":[{"count":0,"href":"https:\/\/grupoprointex.com\/cctv\/wp-json\/wp\/v2\/pages\/2174\/revisions"}],"wp:attachment":[{"href":"https:\/\/grupoprointex.com\/cctv\/wp-json\/wp\/v2\/media?parent=2174"}],"wp:term":[{"taxonomy":"yst_prominent_words","embeddable":true,"href":"https:\/\/grupoprointex.com\/cctv\/wp-json\/wp\/v2\/yst_prominent_words?post=2174"}],"curies":[{"name":"wp","href":"https:\/\/api.w.org\/{rel}","templated":true}]}}