{"id":2171,"date":"2016-05-03T10:24:32","date_gmt":"2016-05-03T10:24:32","guid":{"rendered":"https:\/\/grupoprointex.com\/cctv\/?page_id=2171"},"modified":"2020-12-02T17:16:16","modified_gmt":"2020-12-02T17:16:16","slug":"circuito-cerrado-de-television","status":"publish","type":"page","link":"https:\/\/grupoprointex.com\/cctv\/circuito-cerrado-de-television\/","title":{"rendered":"Circuito cerrado de televisi\u00f3n"},"content":{"rendered":"<p><div class=\"fusion-fullwidth fullwidth-box fusion-builder-row-1 fusion-flex-container fusion-parallax-none nonhundred-percent-fullwidth non-hundred-percent-height-scrolling\" style=\"background-color: rgba(255,255,255,0);background-image: url(&quot;https:\/\/grupoprointex.com\/cctv\/wp-content\/uploads\/2020\/12\/circuito-cerrado-de-television-en-Madrid.jpg&quot;);background-image:linear-gradient(180deg, rgba(37,37,37,0.18) 0%,rgba(37,37,37,0.18) 100%),url(https:\/\/grupoprointex.com\/cctv\/wp-content\/uploads\/2020\/12\/circuito-cerrado-de-television-en-Madrid.jpg);background-position: center center;background-repeat: no-repeat;border-width: 0px 0px 0px 0px;border-color:#e2e2e2;border-style:solid;-webkit-background-size:cover;-moz-background-size:cover;-o-background-size:cover;background-size:cover;min-height:500px;\" ><div class=\"fusion-builder-row fusion-row fusion-flex-align-items-stretch fusion-flex-align-content-center fusion-flex-justify-content-center\" style=\"max-width:calc( 1375px + 0px );margin-left: calc(-0px \/ 2 );margin-right: calc(-0px \/ 2 );\"><div class=\"fusion-layout-column fusion_builder_column fusion-builder-column-0 fusion_builder_column_3_4 3_4 fusion-flex-column fusion-animated\" data-animationType=\"fadeInUp\" data-animationDuration=\"1.0\" data-animationOffset=\"100%\"><div class=\"fusion-column-wrapper fusion-flex-justify-content-center fusion-content-layout-row\" style=\"background-position:left top;background-repeat:no-repeat;-webkit-background-size:cover;-moz-background-size:cover;-o-background-size:cover;background-size:cover;padding: 0px 0px 0px 0px;\"><\/div><\/div><style type=\"text\/css\">.fusion-body .fusion-builder-column-0{width:75% !important;margin-top : 0px;margin-bottom : 0px;}.fusion-builder-column-0 > .fusion-column-wrapper {padding-top : 0px !important;padding-right : 0px !important;margin-right : 0;padding-bottom : 0px !important;padding-left : 0px !important;margin-left : 0;}@media only screen and (max-width:1024px) {.fusion-body .fusion-builder-column-0{width:50% !important;order : 0;}.fusion-builder-column-0 > .fusion-column-wrapper {margin-right : 0;margin-left : 0;}}@media only screen and (max-width:740px) {.fusion-body .fusion-builder-column-0{width:100% !important;order : 0;}.fusion-builder-column-0 > .fusion-column-wrapper {padding-top : 0 !important;padding-right : 30px !important;margin-right : 0;padding-bottom : 0 !important;padding-left : 30px !important;margin-left : 0;}}<\/style><\/div><style type=\"text\/css\">.fusion-body .fusion-flex-container.fusion-builder-row-1{ padding-top : 17vh;margin-top : 0px;padding-right : 0px;padding-bottom : 17vh;margin-bottom : 0px;padding-left : 0px;}@media only screen and (max-width:1024px) {.fusion-body .fusion-flex-container.fusion-builder-row-1{ padding-top : 12vh;padding-bottom : 12vh;}}@media only screen and (max-width:740px) {.fusion-body .fusion-flex-container.fusion-builder-row-1{ padding-top : 12vh;padding-bottom : 12vh;}}<\/style><\/div><div class=\"fusion-fullwidth fullwidth-box fusion-builder-row-2 fusion-flex-container nonhundred-percent-fullwidth non-hundred-percent-height-scrolling\" style=\"background-color: #f6f6f6;background-position: center center;background-repeat: no-repeat;border-width: 0px 0px 0px 0px;border-color:#e2e2e2;border-style:solid;\" ><div class=\"fusion-builder-row fusion-row fusion-flex-align-items-flex-start\" style=\"max-width:calc( 1375px + 0px );margin-left: calc(-0px \/ 2 );margin-right: calc(-0px \/ 2 );\"><div class=\"fusion-layout-column fusion_builder_column fusion-builder-column-1 fusion-flex-column fusion-flex-align-self-center\"><div class=\"fusion-column-wrapper fusion-column-has-shadow fusion-flex-justify-content-center fusion-content-layout-column\" style=\"background-position:left top;background-repeat:no-repeat;-webkit-background-size:cover;-moz-background-size:cover;-o-background-size:cover;background-size:cover;border-radius:6px 6px 80px 6px;border-radius:6px 6px 80px 6px;overflow:hidden;box-shadow:0px 20px 80px 0px rgba(155,78,0,0.13);;padding: 0px 0px 0px 0px;\"><div ><span class=\" fusion-imageframe imageframe-none imageframe-1 hover-type-none\" style=\"border-radius:6PX 6PX 35PX 6PX;\"><img width=\"1920\" height=\"1280\" title=\"Circuito cerrado de televisi\u00f3n (2)\" src=\"https:\/\/grupoprointex.com\/cctv\/wp-content\/uploads\/2020\/12\/Circuito-cerrado-de-television-2.jpg\" class=\"img-responsive wp-image-3430\" srcset=\"https:\/\/grupoprointex.com\/cctv\/wp-content\/uploads\/2020\/12\/Circuito-cerrado-de-television-2-200x133.jpg 200w, https:\/\/grupoprointex.com\/cctv\/wp-content\/uploads\/2020\/12\/Circuito-cerrado-de-television-2-400x267.jpg 400w, https:\/\/grupoprointex.com\/cctv\/wp-content\/uploads\/2020\/12\/Circuito-cerrado-de-television-2-600x400.jpg 600w, https:\/\/grupoprointex.com\/cctv\/wp-content\/uploads\/2020\/12\/Circuito-cerrado-de-television-2-800x533.jpg 800w, https:\/\/grupoprointex.com\/cctv\/wp-content\/uploads\/2020\/12\/Circuito-cerrado-de-television-2-1200x800.jpg 1200w, https:\/\/grupoprointex.com\/cctv\/wp-content\/uploads\/2020\/12\/Circuito-cerrado-de-television-2.jpg 1920w\" sizes=\"(max-width: 1024px) 100vw, (max-width: 740px) 100vw, 800px\" \/><\/span><\/div><\/div><\/div><style type=\"text\/css\">.fusion-body .fusion-builder-column-1{width:45% !important;margin-top : 0px;margin-bottom : 0px;}.fusion-builder-column-1 > .fusion-column-wrapper {padding-top : 0px !important;padding-right : 0px !important;margin-right : 0px;padding-bottom : 0px !important;padding-left : 0px !important;margin-left : 0px;}@media only screen and (max-width:1024px) {.fusion-body .fusion-builder-column-1{width:50% !important;order : 0;}.fusion-builder-column-1 > .fusion-column-wrapper {margin-right : 0px;margin-left : 0px;}}@media only screen and (max-width:740px) {.fusion-body .fusion-builder-column-1{width:100% !important;order : 0;margin-bottom : 0;}.fusion-builder-column-1 > .fusion-column-wrapper {margin-right : 0px;margin-left : 0px;}}<\/style><div class=\"fusion-layout-column fusion_builder_column fusion-builder-column-2 fusion-flex-column fusion-flex-align-self-center\"><div class=\"fusion-column-wrapper fusion-flex-justify-content-flex-start fusion-content-layout-column\" style=\"background-position:left top;background-repeat:no-repeat;-webkit-background-size:cover;-moz-background-size:cover;-o-background-size:cover;background-size:cover;padding: 120px 20px 120px 180px;\"><style type=\"text\/css\">.fusion-title.fusion-title-1 svg path{stroke:#d1b06a!important}.fusion-title.fusion-title-1 svg{margin-top:-4px!important}.fusion-title.fusion-title-1 svg path{stroke-width:5!important}@media only screen and (max-width:1024px) {.fusion-title.fusion-title-1{margin-top:10px!important;margin-bottom:40px!important;}}@media only screen and (max-width:740px) {.fusion-title.fusion-title-1{margin-top:10px!important;margin-bottom:10px!important;}}<\/style><div class=\"fusion-title title fusion-title-1 fusion-sep-none fusion-title-highlight fusion-loop-off fusion-highlight-underline fusion-title-size-two\" style=\"font-size:43px;margin-top:10px;margin-bottom:40px;\" data-highlight=\"underline\"><h2 class=\"title-heading-left\" style=\"margin:0;font-size:1em;line-height:1.35em;\"><span class=\"fusion-highlighted-text-prefix\">Circuito cerrado de<\/span> <span class=\"fusion-highlighted-text-wrapper\"><span class=\"fusion-highlighted-text\" style=\"color:#d1b06a;\">televisi\u00f3n<\/span><\/span> <span class=\"fusion-highlighted-text-postfix\"><\/span><\/h2><\/div><div class=\"fusion-text fusion-text-1\" style=\"transform:translate3d(0,0,0);\"><p>El Circuito Cerrado de Televisi\u00f3n o <a href=\"https:\/\/www.significados.com\/cctv\/\">CCTV<\/a> es un sistema de videovigilancia interno para empresas y particulares con el objetivo de controlar, proteger y garantizar la seguridad de los bienes y de las personas.<\/p>\n<p>Con los avances en calidad de imagen actuales, un circuito cerrado de televisi\u00f3n en Madrid hace que se puedan tanto monitorizar como grabar im\u00e1genes en alta resoluci\u00f3n y ver las imagenes a trav\u00e9s de un dispositivo m\u00f3vil en cualquier lugar del mundo.<\/p>\n<\/div><style type=\"text\/css\">.fusion-accordian  #accordion-2171-1 .panel-title a .fa-fusion-box{ color: #ffffff;}.fusion-accordian  #accordion-2171-1 .panel-title a .fa-fusion-box:before{ font-size: 16px; width: 16px;}.fusion-accordian  #accordion-2171-1 .fa-fusion-box { background-color: #000000;border-color: #000000;}.fusion-accordian  #accordion-2171-1 .panel-title a:hover, #accordion-2171-1 .fusion-toggle-boxed-mode:hover .panel-title a { color: #d1b06a;}.fusion-accordian  #accordion-2171-1 .panel-title .active .fa-fusion-box,.fusion-accordian  #accordion-2171-1 .panel-title a:hover .fa-fusion-box { background-color: #d1b06a!important;border-color: #d1b06a!important;}<\/style><div class=\"accordian fusion-accordian\"><div class=\"panel-group\" id=\"accordion-2171-1\" role=\"tablist\"><div class=\"fusion-panel panel-default\" role=\"tabpanel\"><div class=\"panel-heading\"><h4 class=\"panel-title toggle\"><a aria-expanded=\"false\" aria-selected=\"false\" aria-controls=\"fb748f7829190f074\" role=\"tab\" data-toggle=\"collapse\" data-parent=\"#accordion-2171-1\" data-target=\"#fb748f7829190f074\" href=\"#fb748f7829190f074\"><span class=\"fusion-toggle-icon-wrapper\" aria-hidden=\"true\"><i class=\"fa-fusion-box\" aria-hidden=\"true\"><\/i><\/span><span class=\"fusion-toggle-heading\">C\u00f3mo funciona el sistema<\/span><\/a><\/h4><\/div><div id=\"fb748f7829190f074\" class=\"panel-collapse collapse \"><div class=\"panel-body toggle-content fusion-clearfix\">\n<p>El sistema est\u00e1 compuesto por una serie de c\u00e1maras, tanto interiores como exteriores conectadas a un sistema de grabaci\u00f3n. Las im\u00e1genes son accesibles tanto por los t\u00e9cnicos de la central receptora de alarmas como por el propio usuario a trav\u00e9s de su dispositivo m\u00f3vil y se borran pasado un tiempo determinado que establece la Agencia Espa\u00f1ola de Protecci\u00f3n de Datos.<\/p>\n<p>Un sistema de circuito cerrado de televisi\u00f3n en Madrid puede instalarse para labores de vigilancia y disuasi\u00f3n o si funciona junto con una <a href=\"https:\/\/grupoprointex.com\/cctv\/alarmas-en-madrid\/\">alarma<\/a> y un <a href=\"https:\/\/grupoprointex.com\/cctv\/analisis-de-video\/\">sistema de an\u00e1lisis de v\u00eddeo<\/a>, para avisar de posibles intrusiones o delitos..<\/p>\n<\/div><\/div><\/div><\/div><\/div><\/div><\/div><style type=\"text\/css\">.fusion-body .fusion-builder-column-2{width:55% !important;margin-top : 0px;margin-bottom : 0px;}.fusion-builder-column-2 > .fusion-column-wrapper {padding-top : 120px !important;padding-right : 20px !important;margin-right : 0px;padding-bottom : 120px !important;padding-left : 180px !important;margin-left : 0px;}@media only screen and (max-width:1024px) {.fusion-body .fusion-builder-column-2{width:50% !important;order : 0;}.fusion-builder-column-2 > .fusion-column-wrapper {padding-top : 80px !important;padding-right : 39px !important;margin-right : 0px;padding-bottom : 80px !important;padding-left : 80px !important;margin-left : 0px;}}@media only screen and (max-width:740px) {.fusion-body .fusion-builder-column-2{width:100% !important;order : 1;}.fusion-builder-column-2 > .fusion-column-wrapper {padding-top : 60px !important;padding-right : 0 !important;margin-right : 0px;padding-bottom : 60px !important;padding-left : 0 !important;margin-left : 0px;}}<\/style><\/div><style type=\"text\/css\">.fusion-body .fusion-flex-container.fusion-builder-row-2{ padding-top : 100px;margin-top : 0px;padding-right : 0px;padding-bottom : 100px;margin-bottom : 0px;padding-left : 0px;}@media only screen and (max-width:1024px) {.fusion-body .fusion-flex-container.fusion-builder-row-2{ padding-top : 60px;}}@media only screen and (max-width:740px) {.fusion-body .fusion-flex-container.fusion-builder-row-2{ padding-top : 60px;}}<\/style><\/div><div class=\"fusion-bg-parallax\" data-bg-align=\"center center\" data-direction=\"down\" data-mute=\"false\" data-opacity=\"100\" data-velocity=\"-0.3\" data-mobile-enabled=\"false\" data-break_parents=\"0\" data-bg-image=\"https:\/\/grupoprointex.com\/cctv\/wp-content\/uploads\/2020\/12\/Circuito-cerrado-de-television.jpg\" data-bg-repeat=\"false\" data-bg-gradient-type=\"linear\" data-bg-gradient-angle=\"180\" data-bg-gradient-start-color=\"rgba(37,37,37,0.15)\" data-bg-gradient-start-position=\"0\" data-bg-gradient-end-color=\"rgba(37,37,37,0.15)\" data-bg-gradient-end-position=\"100\" data-bg-radial-direction=\"center center\" ><\/div><div class=\"fusion-fullwidth fullwidth-box fusion-builder-row-3 fusion-flex-container fusion-parallax-down nonhundred-percent-fullwidth non-hundred-percent-height-scrolling\" style=\"background-color: rgba(255,255,255,0);background-image: url(&quot;https:\/\/grupoprointex.com\/cctv\/wp-content\/uploads\/2020\/12\/Circuito-cerrado-de-television.jpg&quot;);background-image:linear-gradient(180deg, rgba(37,37,37,0.15) 0%,rgba(37,37,37,0.15) 100%),url(https:\/\/grupoprointex.com\/cctv\/wp-content\/uploads\/2020\/12\/Circuito-cerrado-de-television.jpg);background-position: center center;background-repeat: no-repeat;border-width: 0px 0px 0px 0px;border-color:#e2e2e2;border-style:solid;-webkit-background-size:cover;-moz-background-size:cover;-o-background-size:cover;background-size:cover;\" ><div class=\"fusion-builder-row fusion-row fusion-flex-align-items-flex-start fusion-flex-justify-content-center\" style=\"max-width:1443.75px;margin-left: calc(-5% \/ 2 );margin-right: calc(-5% \/ 2 );\"><div class=\"fusion-layout-column fusion_builder_column fusion-builder-column-3 fusion_builder_column_5_6 5_6 fusion-flex-column\"><div class=\"fusion-column-wrapper fusion-column-has-shadow fusion-flex-justify-content-flex-start fusion-content-layout-column\" style=\"background-position:left top;background-repeat:no-repeat;-webkit-background-size:cover;-moz-background-size:cover;-o-background-size:cover;background-size:cover;border-radius:6px 6px 6px 6px;background-color:#ffffff;border-radius:6px 6px 6px 6px;overflow:hidden;box-shadow:0px 20px 80px 0px rgba(0,0,0,0.15);;padding: 40px 60px 30px 60px;\"><style type=\"text\/css\">@media only screen and (max-width:1024px) {.fusion-title.fusion-title-2{margin-top:10px!important;margin-bottom:15px!important;}}@media only screen and (max-width:740px) {.fusion-title.fusion-title-2{margin-top:10px!important;margin-bottom:10px!important;}}<\/style><div class=\"fusion-title title fusion-title-2 fusion-sep-none fusion-title-text fusion-title-size-one\" style=\"margin-top:10px;margin-bottom:15px;\"><h1 class=\"title-heading-left\" style=\"margin:0;\"><h2>Caracter\u00edsticas<\/h2><\/h1><\/div><div class=\"fusion-text fusion-text-2\" style=\"transform:translate3d(0,0,0);\"><ul>\n<li>Monitorizar su empresa o su hogar desde cualquier lugar del mundo a trav\u00e9s de internet.<\/li>\n<li>Registrar o prevenir robos o intentos de intrusi\u00f3n en empresas y hogares.<\/li>\n<li>Controlar y registrar los accesos de personas y veh\u00edculos.<\/li>\n<li>Obtener un registro de actividades en las que es necesario tener supervisada la seguridad o los controles de acceso.<\/li>\n<li>Grabaci\u00f3n de\u00a0video en alta calidad y registro de im\u00e1genes.<\/li>\n<\/ul>\n<\/div><\/div><\/div><style type=\"text\/css\">.fusion-body .fusion-builder-column-3{width:83.333333333333% !important;margin-top : 0px;margin-bottom : 0px;}.fusion-builder-column-3 > .fusion-column-wrapper {padding-top : 40px !important;padding-right : 60px !important;margin-right : 2.85%;padding-bottom : 30px !important;padding-left : 60px !important;margin-left : 2.85%;}@media only screen and (max-width:1024px) {.fusion-body .fusion-builder-column-3{width:80% !important;order : 0;}.fusion-builder-column-3 > .fusion-column-wrapper {margin-right : 2.96875%;margin-left : 2.96875%;}}@media only screen and (max-width:740px) {.fusion-body .fusion-builder-column-3{width:100% !important;order : 0;}.fusion-builder-column-3 > .fusion-column-wrapper {margin-right : 2.375%;margin-left : 2.375%;}}<\/style><\/div><style type=\"text\/css\">.fusion-body .fusion-flex-container.fusion-builder-row-3{ padding-top : 110px;margin-top : 0px;padding-right : 0px;padding-bottom : 110px;margin-bottom : 0px;padding-left : 0px;}@media only screen and (max-width:1024px) {.fusion-body .fusion-flex-container.fusion-builder-row-3{ padding-top : 60px;padding-bottom : 60px;}}<\/style><\/div><\/p>\n","protected":false},"excerpt":{"rendered":"","protected":false},"author":1,"featured_media":0,"parent":0,"menu_order":0,"comment_status":"closed","ping_status":"closed","template":"100-width.php","meta":[],"yst_prominent_words":[],"_links":{"self":[{"href":"https:\/\/grupoprointex.com\/cctv\/wp-json\/wp\/v2\/pages\/2171"}],"collection":[{"href":"https:\/\/grupoprointex.com\/cctv\/wp-json\/wp\/v2\/pages"}],"about":[{"href":"https:\/\/grupoprointex.com\/cctv\/wp-json\/wp\/v2\/types\/page"}],"author":[{"embeddable":true,"href":"https:\/\/grupoprointex.com\/cctv\/wp-json\/wp\/v2\/users\/1"}],"replies":[{"embeddable":true,"href":"https:\/\/grupoprointex.com\/cctv\/wp-json\/wp\/v2\/comments?post=2171"}],"version-history":[{"count":0,"href":"https:\/\/grupoprointex.com\/cctv\/wp-json\/wp\/v2\/pages\/2171\/revisions"}],"wp:attachment":[{"href":"https:\/\/grupoprointex.com\/cctv\/wp-json\/wp\/v2\/media?parent=2171"}],"wp:term":[{"taxonomy":"yst_prominent_words","embeddable":true,"href":"https:\/\/grupoprointex.com\/cctv\/wp-json\/wp\/v2\/yst_prominent_words?post=2171"}],"curies":[{"name":"wp","href":"https:\/\/api.w.org\/{rel}","templated":true}]}}