{"id":2170,"date":"2016-05-03T10:22:19","date_gmt":"2016-05-03T10:22:19","guid":{"rendered":"https:\/\/grupoprointex.com\/cctv\/?page_id=2170"},"modified":"2020-12-02T16:56:40","modified_gmt":"2020-12-02T16:56:40","slug":"seguridad-perimetral","status":"publish","type":"page","link":"https:\/\/grupoprointex.com\/cctv\/seguridad-perimetral\/","title":{"rendered":"Seguridad perimetral"},"content":{"rendered":"<p><div class=\"fusion-fullwidth fullwidth-box fusion-builder-row-1 fusion-flex-container fusion-parallax-none nonhundred-percent-fullwidth non-hundred-percent-height-scrolling\" style=\"background-color: rgba(255,255,255,0);background-image: url(&quot;https:\/\/grupoprointex.com\/cctv\/wp-content\/uploads\/2020\/12\/seguridad-perimetral-para-empresas.jpg&quot;);background-image:linear-gradient(180deg, rgba(37,37,37,0.18) 0%,rgba(37,37,37,0.18) 100%),url(https:\/\/grupoprointex.com\/cctv\/wp-content\/uploads\/2020\/12\/seguridad-perimetral-para-empresas.jpg);background-position: center center;background-repeat: no-repeat;border-width: 0px 0px 0px 0px;border-color:#e2e2e2;border-style:solid;-webkit-background-size:cover;-moz-background-size:cover;-o-background-size:cover;background-size:cover;min-height:500px;\" ><div class=\"fusion-builder-row fusion-row fusion-flex-align-items-stretch fusion-flex-align-content-center fusion-flex-justify-content-center\" style=\"max-width:calc( 1375px + 0px );margin-left: calc(-0px \/ 2 );margin-right: calc(-0px \/ 2 );\"><div class=\"fusion-layout-column fusion_builder_column fusion-builder-column-0 fusion_builder_column_3_4 3_4 fusion-flex-column fusion-animated\" data-animationType=\"fadeInUp\" data-animationDuration=\"1.0\" data-animationOffset=\"100%\"><div class=\"fusion-column-wrapper fusion-flex-justify-content-center fusion-content-layout-row\" style=\"background-position:left top;background-repeat:no-repeat;-webkit-background-size:cover;-moz-background-size:cover;-o-background-size:cover;background-size:cover;padding: 0px 0px 0px 0px;\"><\/div><\/div><style type=\"text\/css\">.fusion-body .fusion-builder-column-0{width:75% !important;margin-top : 0px;margin-bottom : 0px;}.fusion-builder-column-0 > .fusion-column-wrapper {padding-top : 0px !important;padding-right : 0px !important;margin-right : 0;padding-bottom : 0px !important;padding-left : 0px !important;margin-left : 0;}@media only screen and (max-width:1024px) {.fusion-body .fusion-builder-column-0{width:50% !important;order : 0;}.fusion-builder-column-0 > .fusion-column-wrapper {margin-right : 0;margin-left : 0;}}@media only screen and (max-width:740px) {.fusion-body .fusion-builder-column-0{width:100% !important;order : 0;}.fusion-builder-column-0 > .fusion-column-wrapper {padding-top : 0 !important;padding-right : 30px !important;margin-right : 0;padding-bottom : 0 !important;padding-left : 30px !important;margin-left : 0;}}<\/style><\/div><style type=\"text\/css\">.fusion-body .fusion-flex-container.fusion-builder-row-1{ padding-top : 17vh;margin-top : 0px;padding-right : 0px;padding-bottom : 17vh;margin-bottom : 0px;padding-left : 0px;}@media only screen and (max-width:1024px) {.fusion-body .fusion-flex-container.fusion-builder-row-1{ padding-top : 12vh;padding-bottom : 12vh;}}@media only screen and (max-width:740px) {.fusion-body .fusion-flex-container.fusion-builder-row-1{ padding-top : 12vh;padding-bottom : 12vh;}}<\/style><\/div><div class=\"fusion-fullwidth fullwidth-box fusion-builder-row-2 fusion-flex-container nonhundred-percent-fullwidth non-hundred-percent-height-scrolling\" style=\"background-color: #f6f6f6;background-position: center center;background-repeat: no-repeat;border-width: 0px 0px 0px 0px;border-color:#e2e2e2;border-style:solid;\" ><div class=\"fusion-builder-row fusion-row fusion-flex-align-items-flex-start\" style=\"max-width:calc( 1375px + 0px );margin-left: calc(-0px \/ 2 );margin-right: calc(-0px \/ 2 );\"><div class=\"fusion-layout-column fusion_builder_column fusion-builder-column-1 fusion-flex-column fusion-flex-align-self-center\"><div class=\"fusion-column-wrapper fusion-column-has-shadow fusion-flex-justify-content-center fusion-content-layout-column\" style=\"background-position:left top;background-repeat:no-repeat;-webkit-background-size:cover;-moz-background-size:cover;-o-background-size:cover;background-size:cover;border-radius:6px 6px 80px 6px;border-radius:6px 6px 80px 6px;overflow:hidden;box-shadow:0px 20px 80px 0px rgba(155,78,0,0.13);;padding: 0px 0px 0px 0px;\"><div ><span class=\" fusion-imageframe imageframe-none imageframe-1 hover-type-none\" style=\"border-radius:6PX 6PX 35PX 6PX;\"><img width=\"1600\" height=\"900\" title=\"seguridad perimetral para empresas (2)\" src=\"https:\/\/grupoprointex.com\/cctv\/wp-content\/uploads\/2020\/12\/seguridad-perimetral-para-empresas-2.jpg\" class=\"img-responsive wp-image-3442\" srcset=\"https:\/\/grupoprointex.com\/cctv\/wp-content\/uploads\/2020\/12\/seguridad-perimetral-para-empresas-2-200x113.jpg 200w, https:\/\/grupoprointex.com\/cctv\/wp-content\/uploads\/2020\/12\/seguridad-perimetral-para-empresas-2-400x225.jpg 400w, https:\/\/grupoprointex.com\/cctv\/wp-content\/uploads\/2020\/12\/seguridad-perimetral-para-empresas-2-600x338.jpg 600w, https:\/\/grupoprointex.com\/cctv\/wp-content\/uploads\/2020\/12\/seguridad-perimetral-para-empresas-2-800x450.jpg 800w, https:\/\/grupoprointex.com\/cctv\/wp-content\/uploads\/2020\/12\/seguridad-perimetral-para-empresas-2-1200x675.jpg 1200w, https:\/\/grupoprointex.com\/cctv\/wp-content\/uploads\/2020\/12\/seguridad-perimetral-para-empresas-2.jpg 1600w\" sizes=\"(max-width: 1024px) 100vw, (max-width: 740px) 100vw, 800px\" \/><\/span><\/div><\/div><\/div><style type=\"text\/css\">.fusion-body .fusion-builder-column-1{width:45% !important;margin-top : 0px;margin-bottom : 0px;}.fusion-builder-column-1 > .fusion-column-wrapper {padding-top : 0px !important;padding-right : 0px !important;margin-right : 0px;padding-bottom : 0px !important;padding-left : 0px !important;margin-left : 0px;}@media only screen and (max-width:1024px) {.fusion-body .fusion-builder-column-1{width:50% !important;order : 0;}.fusion-builder-column-1 > .fusion-column-wrapper {margin-right : 0px;margin-left : 0px;}}@media only screen and (max-width:740px) {.fusion-body .fusion-builder-column-1{width:100% !important;order : 0;margin-bottom : 0;}.fusion-builder-column-1 > .fusion-column-wrapper {margin-right : 0px;margin-left : 0px;}}<\/style><div class=\"fusion-layout-column fusion_builder_column fusion-builder-column-2 fusion-flex-column fusion-flex-align-self-center\"><div class=\"fusion-column-wrapper fusion-flex-justify-content-flex-start fusion-content-layout-column\" style=\"background-position:left top;background-repeat:no-repeat;-webkit-background-size:cover;-moz-background-size:cover;-o-background-size:cover;background-size:cover;padding: 120px 20px 120px 180px;\"><style type=\"text\/css\">.fusion-title.fusion-title-1 svg path{stroke:#e61f12!important}.fusion-title.fusion-title-1 svg{margin-top:-4px!important}.fusion-title.fusion-title-1 svg path{stroke-width:5!important}@media only screen and (max-width:1024px) {.fusion-title.fusion-title-1{margin-top:10px!important;margin-bottom:40px!important;}}@media only screen and (max-width:740px) {.fusion-title.fusion-title-1{margin-top:10px!important;margin-bottom:10px!important;}}<\/style><div class=\"fusion-title title fusion-title-1 fusion-sep-none fusion-title-highlight fusion-loop-off fusion-highlight-underline fusion-title-size-two\" style=\"font-size:43px;margin-top:10px;margin-bottom:40px;\" data-highlight=\"underline\"><h2 class=\"title-heading-left\" style=\"margin:0;font-size:1em;line-height:1.35em;\"><span class=\"fusion-highlighted-text-prefix\">Seguridad<\/span> <span class=\"fusion-highlighted-text-wrapper\"><span class=\"fusion-highlighted-text\" style=\"color:#e61f12;\">perimetral<\/span><\/span> <span class=\"fusion-highlighted-text-postfix\">para empresas<\/span><\/h2><\/div><div class=\"fusion-text fusion-text-1\" style=\"transform:translate3d(0,0,0);\"><div class=\"wpb_column vc_column_container vc_col-sm-6\">\n<div class=\"vc_column-inner\">\n<div class=\"wpb_wrapper\">\n<div class=\"justificar\">\n<p>Seguridad perimetral para empresas a trav\u00e9s del <strong>tratamiento inteligente de la imagen<\/strong> que captan las c\u00e1maras de videovigilancia. Este sistema es capaz de <strong>reducir hasta un 50% los costes<\/strong> de vigilancia frente a la necesidad de vigilancia f\u00edsica. El sistema se basa en la\u00a0 parametrizaci\u00f3n de la figura humana en movimiento y permite que el sistema interprete la imagen mediante inteligencia artificial. De esta manera, el sistema protege el per\u00edmetro seleccionado siendo capaz incluso de detectar veh\u00edculos en movimiento.<\/p>\n<p>Junto con el sistema de videovigilancia convencional basado en un circuito cerrado de televisi\u00f3n, es posible la instalaci\u00f3n de c\u00e1maras t\u00e9rmicas o de infrarrojos que permiten detectar intentos de intrusi\u00f3n aunque las condiciones lum\u00ednicas no sean las adecuadas.<\/p>\n<\/div>\n<\/div>\n<\/div>\n<\/div>\n<\/div><style type=\"text\/css\">.fusion-accordian  #accordion-2170-1 .panel-title a .fa-fusion-box{ color: #ffffff;}.fusion-accordian  #accordion-2170-1 .panel-title a .fa-fusion-box:before{ font-size: 16px; width: 16px;}.fusion-accordian  #accordion-2170-1 .fa-fusion-box { background-color: #000000;border-color: #000000;}.fusion-accordian  #accordion-2170-1 .panel-title a:hover, #accordion-2170-1 .fusion-toggle-boxed-mode:hover .panel-title a { color: #d1b06a;}.fusion-accordian  #accordion-2170-1 .panel-title .active .fa-fusion-box,.fusion-accordian  #accordion-2170-1 .panel-title a:hover .fa-fusion-box { background-color: #d1b06a!important;border-color: #d1b06a!important;}<\/style><div class=\"accordian fusion-accordian\"><div class=\"panel-group\" id=\"accordion-2170-1\" role=\"tablist\"><div class=\"fusion-panel panel-default\" role=\"tabpanel\"><div class=\"panel-heading\"><h4 class=\"panel-title toggle\"><a aria-expanded=\"false\" aria-selected=\"false\" aria-controls=\"956af753a696fc6b2\" role=\"tab\" data-toggle=\"collapse\" data-parent=\"#accordion-2170-1\" data-target=\"#956af753a696fc6b2\" href=\"#956af753a696fc6b2\"><span class=\"fusion-toggle-icon-wrapper\" aria-hidden=\"true\"><i class=\"fa-fusion-box\" aria-hidden=\"true\"><\/i><\/span><span class=\"fusion-toggle-heading\">C\u00e1maras t\u00e9rmicas<\/span><\/a><\/h4><\/div><div id=\"956af753a696fc6b2\" class=\"panel-collapse collapse \"><div class=\"panel-body toggle-content fusion-clearfix\">\n<p>Las c\u00e1maras t\u00e9rmicas transforman la radiaci\u00f3n t\u00e9rmica infarroja que emiten todas las personas y los objetos en im\u00e1genes claras y visibles. Detectan movimientos o intentos de intrusi\u00f3n antes de que una c\u00e1mara convencional pueda captarla y permiten generar alarmas cuando el valor t\u00e9rmico alcanza un determinado nivel previamente determinado por el sistema.<\/p>\n<p>Las c\u00e1maras infrarrojas o t\u00e9rmicas permiten ver en zonas de oscuridad total, donde el ojo humano no es capaz de captar ning\u00fan objeto.<\/p>\n<\/div><\/div><\/div><\/div><\/div><\/div><\/div><style type=\"text\/css\">.fusion-body .fusion-builder-column-2{width:55% !important;margin-top : 0px;margin-bottom : 0px;}.fusion-builder-column-2 > .fusion-column-wrapper {padding-top : 120px !important;padding-right : 20px !important;margin-right : 0px;padding-bottom : 120px !important;padding-left : 180px !important;margin-left : 0px;}@media only screen and (max-width:1024px) {.fusion-body .fusion-builder-column-2{width:50% !important;order : 0;}.fusion-builder-column-2 > .fusion-column-wrapper {padding-top : 80px !important;padding-right : 39px !important;margin-right : 0px;padding-bottom : 80px !important;padding-left : 80px !important;margin-left : 0px;}}@media only screen and (max-width:740px) {.fusion-body .fusion-builder-column-2{width:100% !important;order : 1;}.fusion-builder-column-2 > .fusion-column-wrapper {padding-top : 60px !important;padding-right : 0 !important;margin-right : 0px;padding-bottom : 60px !important;padding-left : 0 !important;margin-left : 0px;}}<\/style><\/div><style type=\"text\/css\">.fusion-body .fusion-flex-container.fusion-builder-row-2{ padding-top : 100px;margin-top : 0px;padding-right : 0px;padding-bottom : 100px;margin-bottom : 0px;padding-left : 0px;}@media only screen and (max-width:1024px) {.fusion-body .fusion-flex-container.fusion-builder-row-2{ padding-top : 60px;}}@media only screen and (max-width:740px) {.fusion-body .fusion-flex-container.fusion-builder-row-2{ padding-top : 60px;}}<\/style><\/div><\/p>\n","protected":false},"excerpt":{"rendered":"","protected":false},"author":1,"featured_media":0,"parent":0,"menu_order":0,"comment_status":"closed","ping_status":"closed","template":"100-width.php","meta":[],"yst_prominent_words":[],"_links":{"self":[{"href":"https:\/\/grupoprointex.com\/cctv\/wp-json\/wp\/v2\/pages\/2170"}],"collection":[{"href":"https:\/\/grupoprointex.com\/cctv\/wp-json\/wp\/v2\/pages"}],"about":[{"href":"https:\/\/grupoprointex.com\/cctv\/wp-json\/wp\/v2\/types\/page"}],"author":[{"embeddable":true,"href":"https:\/\/grupoprointex.com\/cctv\/wp-json\/wp\/v2\/users\/1"}],"replies":[{"embeddable":true,"href":"https:\/\/grupoprointex.com\/cctv\/wp-json\/wp\/v2\/comments?post=2170"}],"version-history":[{"count":0,"href":"https:\/\/grupoprointex.com\/cctv\/wp-json\/wp\/v2\/pages\/2170\/revisions"}],"wp:attachment":[{"href":"https:\/\/grupoprointex.com\/cctv\/wp-json\/wp\/v2\/media?parent=2170"}],"wp:term":[{"taxonomy":"yst_prominent_words","embeddable":true,"href":"https:\/\/grupoprointex.com\/cctv\/wp-json\/wp\/v2\/yst_prominent_words?post=2170"}],"curies":[{"name":"wp","href":"https:\/\/api.w.org\/{rel}","templated":true}]}}