{"id":1912,"date":"2020-11-24T16:34:49","date_gmt":"2020-11-24T16:34:49","guid":{"rendered":"https:\/\/grupoprointex.com\/cctv\/?page_id=1912"},"modified":"2020-12-02T17:26:05","modified_gmt":"2020-12-02T17:26:05","slug":"control-de-acceso","status":"publish","type":"page","link":"https:\/\/grupoprointex.com\/cctv\/control-de-acceso\/","title":{"rendered":"Control de acceso"},"content":{"rendered":"<p><div class=\"fusion-fullwidth fullwidth-box fusion-builder-row-1 fusion-flex-container fusion-parallax-none nonhundred-percent-fullwidth non-hundred-percent-height-scrolling\" style=\"background-color: rgba(255,255,255,0);background-image: url(&quot;https:\/\/grupoprointex.com\/cctv\/wp-content\/uploads\/2020\/12\/control-de-acceso-y-presencia.jpg&quot;);background-image:linear-gradient(180deg, rgba(37,37,37,0.18) 0%,rgba(37,37,37,0.18) 100%),url(https:\/\/grupoprointex.com\/cctv\/wp-content\/uploads\/2020\/12\/control-de-acceso-y-presencia.jpg);background-position: center center;background-repeat: no-repeat;border-width: 0px 0px 0px 0px;border-color:#e2e2e2;border-style:solid;-webkit-background-size:cover;-moz-background-size:cover;-o-background-size:cover;background-size:cover;min-height:500px;\" ><div class=\"fusion-builder-row fusion-row fusion-flex-align-items-stretch fusion-flex-align-content-center fusion-flex-justify-content-center\" style=\"max-width:calc( 1375px + 0px );margin-left: calc(-0px \/ 2 );margin-right: calc(-0px \/ 2 );\"><div class=\"fusion-layout-column fusion_builder_column fusion-builder-column-0 fusion_builder_column_3_4 3_4 fusion-flex-column fusion-animated\" data-animationType=\"fadeInUp\" data-animationDuration=\"1.0\" data-animationOffset=\"100%\"><div class=\"fusion-column-wrapper fusion-flex-justify-content-center fusion-content-layout-row\" style=\"background-position:left top;background-repeat:no-repeat;-webkit-background-size:cover;-moz-background-size:cover;-o-background-size:cover;background-size:cover;padding: 0px 0px 0px 0px;\"><\/div><\/div><style type=\"text\/css\">.fusion-body .fusion-builder-column-0{width:75% !important;margin-top : 0px;margin-bottom : 0px;}.fusion-builder-column-0 > .fusion-column-wrapper {padding-top : 0px !important;padding-right : 0px !important;margin-right : 0;padding-bottom : 0px !important;padding-left : 0px !important;margin-left : 0;}@media only screen and (max-width:1024px) {.fusion-body .fusion-builder-column-0{width:50% !important;order : 0;}.fusion-builder-column-0 > .fusion-column-wrapper {margin-right : 0;margin-left : 0;}}@media only screen and (max-width:740px) {.fusion-body .fusion-builder-column-0{width:100% !important;order : 0;}.fusion-builder-column-0 > .fusion-column-wrapper {padding-top : 0 !important;padding-right : 30px !important;margin-right : 0;padding-bottom : 0 !important;padding-left : 30px !important;margin-left : 0;}}<\/style><\/div><style type=\"text\/css\">.fusion-body .fusion-flex-container.fusion-builder-row-1{ padding-top : 17vh;margin-top : 0px;padding-right : 0px;padding-bottom : 17vh;margin-bottom : 0px;padding-left : 0px;}@media only screen and (max-width:1024px) {.fusion-body .fusion-flex-container.fusion-builder-row-1{ padding-top : 12vh;padding-bottom : 12vh;}}@media only screen and (max-width:740px) {.fusion-body .fusion-flex-container.fusion-builder-row-1{ padding-top : 12vh;padding-bottom : 12vh;}}<\/style><\/div><div class=\"fusion-fullwidth fullwidth-box fusion-builder-row-2 fusion-flex-container nonhundred-percent-fullwidth non-hundred-percent-height-scrolling\" style=\"background-color: #f6f6f6;background-position: center center;background-repeat: no-repeat;border-width: 0px 0px 0px 0px;border-color:#e2e2e2;border-style:solid;\" ><div class=\"fusion-builder-row fusion-row fusion-flex-align-items-flex-start\" style=\"max-width:calc( 1375px + 0px );margin-left: calc(-0px \/ 2 );margin-right: calc(-0px \/ 2 );\"><div class=\"fusion-layout-column fusion_builder_column fusion-builder-column-1 fusion-flex-column fusion-flex-align-self-center\"><div class=\"fusion-column-wrapper fusion-column-has-shadow fusion-flex-justify-content-center fusion-content-layout-column\" style=\"background-position:left top;background-repeat:no-repeat;-webkit-background-size:cover;-moz-background-size:cover;-o-background-size:cover;background-size:cover;border-radius:6px 6px 80px 6px;border-radius:6px 6px 80px 6px;overflow:hidden;box-shadow:0px 20px 80px 0px rgba(155,78,0,0.13);;padding: 0px 0px 0px 0px;\"><div ><span class=\" fusion-imageframe imageframe-none imageframe-1 hover-type-none\" style=\"border-radius:6PX 6PX 35PX 6PX;\"><img width=\"2121\" height=\"1414\" alt=\"control de acceso y presencia\" title=\"control de acceso y presencia\" src=\"https:\/\/grupoprointex.com\/cctv\/wp-content\/uploads\/2020\/12\/control-de-acceso-y-presencia-2.jpg\" class=\"img-responsive wp-image-3436\" srcset=\"https:\/\/grupoprointex.com\/cctv\/wp-content\/uploads\/2020\/12\/control-de-acceso-y-presencia-2-200x133.jpg 200w, https:\/\/grupoprointex.com\/cctv\/wp-content\/uploads\/2020\/12\/control-de-acceso-y-presencia-2-400x267.jpg 400w, https:\/\/grupoprointex.com\/cctv\/wp-content\/uploads\/2020\/12\/control-de-acceso-y-presencia-2-600x400.jpg 600w, https:\/\/grupoprointex.com\/cctv\/wp-content\/uploads\/2020\/12\/control-de-acceso-y-presencia-2-800x533.jpg 800w, https:\/\/grupoprointex.com\/cctv\/wp-content\/uploads\/2020\/12\/control-de-acceso-y-presencia-2-1200x800.jpg 1200w, https:\/\/grupoprointex.com\/cctv\/wp-content\/uploads\/2020\/12\/control-de-acceso-y-presencia-2.jpg 2121w\" sizes=\"(max-width: 1024px) 100vw, (max-width: 740px) 100vw, 800px\" \/><\/span><\/div><\/div><\/div><style type=\"text\/css\">.fusion-body .fusion-builder-column-1{width:45% !important;margin-top : 0px;margin-bottom : 0px;}.fusion-builder-column-1 > .fusion-column-wrapper {padding-top : 0px !important;padding-right : 0px !important;margin-right : 0px;padding-bottom : 0px !important;padding-left : 0px !important;margin-left : 0px;}@media only screen and (max-width:1024px) {.fusion-body .fusion-builder-column-1{width:50% !important;order : 0;}.fusion-builder-column-1 > .fusion-column-wrapper {margin-right : 0px;margin-left : 0px;}}@media only screen and (max-width:740px) {.fusion-body .fusion-builder-column-1{width:100% !important;order : 0;margin-bottom : 0;}.fusion-builder-column-1 > .fusion-column-wrapper {margin-right : 0px;margin-left : 0px;}}<\/style><div class=\"fusion-layout-column fusion_builder_column fusion-builder-column-2 fusion-flex-column fusion-flex-align-self-center\"><div class=\"fusion-column-wrapper fusion-flex-justify-content-flex-start fusion-content-layout-column\" style=\"background-position:left top;background-repeat:no-repeat;-webkit-background-size:cover;-moz-background-size:cover;-o-background-size:cover;background-size:cover;padding: 120px 20px 120px 180px;\"><style type=\"text\/css\">.fusion-title.fusion-title-1 svg path{stroke:#d1b06a!important}.fusion-title.fusion-title-1 svg{margin-top:-4px!important}.fusion-title.fusion-title-1 svg path{stroke-width:5!important}@media only screen and (max-width:1024px) {.fusion-title.fusion-title-1{margin-top:10px!important;margin-bottom:40px!important;}}@media only screen and (max-width:740px) {.fusion-title.fusion-title-1{margin-top:10px!important;margin-bottom:10px!important;}}<\/style><div class=\"fusion-title title fusion-title-1 fusion-sep-none fusion-title-highlight fusion-loop-off fusion-highlight-underline fusion-title-size-two\" style=\"font-size:43px;margin-top:10px;margin-bottom:40px;\" data-highlight=\"underline\"><h2 class=\"title-heading-left\" style=\"margin:0;font-size:1em;line-height:1.35em;\"><span class=\"fusion-highlighted-text-prefix\">Control de <\/span> <span class=\"fusion-highlighted-text-wrapper\"><span class=\"fusion-highlighted-text\" style=\"color:#d1b06a;\">acceso <\/span><\/span> <span class=\"fusion-highlighted-text-postfix\">y presencia<\/span><\/h2><\/div><div class=\"fusion-text fusion-text-1\" style=\"transform:translate3d(0,0,0);\"><div>Sistemas de control de acceso y presencia para empresas que aumentan la seguridad de la empresa impidiendo el acceso a personas y veh\u00edculos no autorizados. El sistema automatizado te permitir\u00e1 implantar un control de las horas de acceso, la identificaci\u00f3n del personal y la supervisi\u00f3n horaria de las jornadas laborales de los trabajadores de la empresa.<\/div>\n<\/div><\/div><\/div><style type=\"text\/css\">.fusion-body .fusion-builder-column-2{width:55% !important;margin-top : 0px;margin-bottom : 0px;}.fusion-builder-column-2 > .fusion-column-wrapper {padding-top : 120px !important;padding-right : 20px !important;margin-right : 0px;padding-bottom : 120px !important;padding-left : 180px !important;margin-left : 0px;}@media only screen and (max-width:1024px) {.fusion-body .fusion-builder-column-2{width:50% !important;order : 0;}.fusion-builder-column-2 > .fusion-column-wrapper {padding-top : 80px !important;padding-right : 39px !important;margin-right : 0px;padding-bottom : 80px !important;padding-left : 80px !important;margin-left : 0px;}}@media only screen and (max-width:740px) {.fusion-body .fusion-builder-column-2{width:100% !important;order : 1;}.fusion-builder-column-2 > .fusion-column-wrapper {padding-top : 60px !important;padding-right : 0 !important;margin-right : 0px;padding-bottom : 60px !important;padding-left : 0 !important;margin-left : 0px;}}<\/style><\/div><style type=\"text\/css\">.fusion-body .fusion-flex-container.fusion-builder-row-2{ padding-top : 100px;margin-top : 0px;padding-right : 0px;padding-bottom : 100px;margin-bottom : 0px;padding-left : 0px;}@media only screen and (max-width:1024px) {.fusion-body .fusion-flex-container.fusion-builder-row-2{ padding-top : 60px;}}@media only screen and (max-width:740px) {.fusion-body .fusion-flex-container.fusion-builder-row-2{ padding-top : 60px;}}<\/style><\/div><div class=\"fusion-fullwidth fullwidth-box fusion-builder-row-3 fusion-flex-container nonhundred-percent-fullwidth non-hundred-percent-height-scrolling\" style=\"background-color: rgba(255,255,255,0);background-position: center center;background-repeat: no-repeat;border-width: 0px 0px 0px 0px;border-color:#e2e2e2;border-style:solid;\" ><div class=\"fusion-builder-row fusion-row fusion-flex-align-items-stretch\" style=\"max-width:1443.75px;margin-left: calc(-5% \/ 2 );margin-right: calc(-5% \/ 2 );\"><div class=\"fusion-layout-column fusion_builder_column fusion-builder-column-3 fusion_builder_column_1_2 1_2 fusion-flex-column fusion-animated\" data-animationType=\"fadeInUp\" data-animationDuration=\"1.0\" data-animationOffset=\"100%\"><div class=\"fusion-column-wrapper fusion-column-has-shadow fusion-flex-justify-content-flex-start fusion-content-layout-column\" style=\"background-position:left top;background-repeat:no-repeat;-webkit-background-size:cover;-moz-background-size:cover;-o-background-size:cover;background-size:cover;border-radius:8px 8px 8px 8px;background-color:#ffffff;border-radius:8px 8px 8px 8px;overflow:hidden;box-shadow:0px 10px 14px 9px rgba(0,0,0,0.1);;padding: 0px 25px 50px 25px;\"><div style=\"text-align:center;\"><span class=\" fusion-imageframe imageframe-dropshadow imageframe-2 hover-type-zoomin\" style=\"-webkit-box-shadow: 3px 3px 7px rgba(0,0,0,0.3);box-shadow: 3px 3px 7px rgba(0,0,0,0.3);\"><img width=\"1000\" height=\"667\" alt=\"control de acceso y presencia\" title=\"control de acceso y presencia (3)\" src=\"https:\/\/grupoprointex.com\/cctv\/wp-content\/uploads\/2020\/12\/control-de-acceso-y-presencia-3.jpg\" class=\"img-responsive wp-image-3438\" srcset=\"https:\/\/grupoprointex.com\/cctv\/wp-content\/uploads\/2020\/12\/control-de-acceso-y-presencia-3-200x133.jpg 200w, https:\/\/grupoprointex.com\/cctv\/wp-content\/uploads\/2020\/12\/control-de-acceso-y-presencia-3-400x267.jpg 400w, https:\/\/grupoprointex.com\/cctv\/wp-content\/uploads\/2020\/12\/control-de-acceso-y-presencia-3-600x400.jpg 600w, https:\/\/grupoprointex.com\/cctv\/wp-content\/uploads\/2020\/12\/control-de-acceso-y-presencia-3-800x534.jpg 800w, https:\/\/grupoprointex.com\/cctv\/wp-content\/uploads\/2020\/12\/control-de-acceso-y-presencia-3.jpg 1000w\" sizes=\"(max-width: 1024px) 100vw, (max-width: 740px) 100vw, 600px\" \/><\/span><\/div><div class=\"fusion-separator fusion-full-width-sep\" style=\"align-self: center;margin-left: auto;margin-right: auto;margin-top:25px;margin-bottom:25px;width:100%;\"><\/div><style type=\"text\/css\">@media only screen and (max-width:1024px) {.fusion-title.fusion-title-2{margin-top:10px!important;margin-bottom:15px!important;}}@media only screen and (max-width:740px) {.fusion-title.fusion-title-2{margin-top:10px!important;margin-bottom:10px!important;}}<\/style><div class=\"fusion-title title fusion-title-2 fusion-sep-none fusion-title-text fusion-title-size-one\" style=\"margin-top:10px;margin-bottom:15px;\"><h1 class=\"title-heading-left\" style=\"margin:0;\"><h2>Huella dactilar<\/h2><\/h1><\/div><div class=\"fusion-text fusion-text-2\" style=\"transform:translate3d(0,0,0);\"><p>Identificaci\u00f3n y acceso a entornos seguros a trav\u00e9s de un lector de huella dactilar que identifica a cada persona. Con la posibilidad de a\u00f1adir un plus de seguridad introduciendo un c\u00f3digo de validaci\u00f3n.<\/p>\n<\/div><\/div><\/div><style type=\"text\/css\">.fusion-body .fusion-builder-column-3{width:50% !important;margin-top : 0px;margin-bottom : 20px;}.fusion-builder-column-3 > .fusion-column-wrapper {padding-top : 0px !important;padding-right : 25px !important;margin-right : 4.75%;padding-bottom : 50px !important;padding-left : 25px !important;margin-left : 4.75%;}@media only screen and (max-width:1024px) {.fusion-body .fusion-builder-column-3{width:33.33% !important;order : 0;}.fusion-builder-column-3 > .fusion-column-wrapper {margin-right : 7.1257125712571%;margin-left : 7.1257125712571%;}}@media only screen and (max-width:740px) {.fusion-body .fusion-builder-column-3{width:100% !important;order : 0;}.fusion-builder-column-3 > .fusion-column-wrapper {margin-right : 2.375%;margin-left : 2.375%;}}<\/style><div class=\"fusion-layout-column fusion_builder_column fusion-builder-column-4 fusion_builder_column_1_2 1_2 fusion-flex-column fusion-animated\" data-animationType=\"fadeInUp\" data-animationDuration=\"1.0\" data-animationOffset=\"100%\"><div class=\"fusion-column-wrapper fusion-column-has-shadow fusion-flex-justify-content-flex-start fusion-content-layout-column\" style=\"background-position:left top;background-repeat:no-repeat;-webkit-background-size:cover;-moz-background-size:cover;-o-background-size:cover;background-size:cover;border-radius:8px 8px 8px 8px;background-color:#ffffff;border-radius:8px 8px 8px 8px;overflow:hidden;box-shadow:0px 10px 14px 9px rgba(0,0,0,0.1);;padding: 0px 25px 50px 25px;\"><div style=\"text-align:center;\"><span class=\" fusion-imageframe imageframe-dropshadow imageframe-3 hover-type-zoomin\" style=\"-webkit-box-shadow: 3px 3px 7px rgba(0,0,0,0.3);box-shadow: 3px 3px 7px rgba(0,0,0,0.3);\"><img width=\"1000\" height=\"667\" alt=\"control de acceso y presencia\" title=\"control de acceso y presencia3\" src=\"https:\/\/grupoprointex.com\/cctv\/wp-content\/uploads\/2020\/12\/control-de-acceso-y-presencia3.jpg\" class=\"img-responsive wp-image-3439\" srcset=\"https:\/\/grupoprointex.com\/cctv\/wp-content\/uploads\/2020\/12\/control-de-acceso-y-presencia3-200x133.jpg 200w, https:\/\/grupoprointex.com\/cctv\/wp-content\/uploads\/2020\/12\/control-de-acceso-y-presencia3-400x267.jpg 400w, https:\/\/grupoprointex.com\/cctv\/wp-content\/uploads\/2020\/12\/control-de-acceso-y-presencia3-600x400.jpg 600w, https:\/\/grupoprointex.com\/cctv\/wp-content\/uploads\/2020\/12\/control-de-acceso-y-presencia3-800x534.jpg 800w, https:\/\/grupoprointex.com\/cctv\/wp-content\/uploads\/2020\/12\/control-de-acceso-y-presencia3.jpg 1000w\" sizes=\"(max-width: 1024px) 100vw, (max-width: 740px) 100vw, 600px\" \/><\/span><\/div><div class=\"fusion-separator fusion-full-width-sep\" style=\"align-self: center;margin-left: auto;margin-right: auto;margin-top:25px;margin-bottom:25px;width:100%;\"><\/div><style type=\"text\/css\">@media only screen and (max-width:1024px) {.fusion-title.fusion-title-3{margin-top:10px!important;margin-bottom:15px!important;}}@media only screen and (max-width:740px) {.fusion-title.fusion-title-3{margin-top:10px!important;margin-bottom:10px!important;}}<\/style><div class=\"fusion-title title fusion-title-3 fusion-sep-none fusion-title-text fusion-title-size-one\" style=\"margin-top:10px;margin-bottom:15px;\"><h1 class=\"title-heading-left\" style=\"margin:0;\"><h2>Reconocimiento facial<\/h2><\/h1><\/div><div class=\"fusion-text fusion-text-3\" style=\"transform:translate3d(0,0,0);\"><p>Sistema de control de acceso y presencia a trav\u00e9s de un software de reconocimiento facial que identifica a cada persona, permitiendo o denegando el acceso a las instalaciones de la empresa.<\/p>\n<\/div><\/div><\/div><style type=\"text\/css\">.fusion-body .fusion-builder-column-4{width:50% !important;margin-top : 0px;margin-bottom : 20px;}.fusion-builder-column-4 > .fusion-column-wrapper {padding-top : 0px !important;padding-right : 25px !important;margin-right : 4.75%;padding-bottom : 50px !important;padding-left : 25px !important;margin-left : 4.75%;}@media only screen and (max-width:1024px) {.fusion-body .fusion-builder-column-4{width:33.33% !important;order : 0;}.fusion-builder-column-4 > .fusion-column-wrapper {margin-right : 7.1257125712571%;margin-left : 7.1257125712571%;}}@media only screen and (max-width:740px) {.fusion-body .fusion-builder-column-4{width:100% !important;order : 0;}.fusion-builder-column-4 > .fusion-column-wrapper {margin-right : 2.375%;margin-left : 2.375%;}}<\/style><\/div><style type=\"text\/css\">.fusion-fullwidth.fusion-builder-row-3 { overflow:visible; }.fusion-body .fusion-flex-container.fusion-builder-row-3{ padding-top : 60px;margin-top : 0px;padding-right : 0px;padding-bottom : 60px;margin-bottom : 0px;padding-left : 0px;}<\/style><\/div><\/p>\n","protected":false},"excerpt":{"rendered":"","protected":false},"author":1,"featured_media":0,"parent":0,"menu_order":0,"comment_status":"closed","ping_status":"closed","template":"100-width.php","meta":[],"yst_prominent_words":[],"_links":{"self":[{"href":"https:\/\/grupoprointex.com\/cctv\/wp-json\/wp\/v2\/pages\/1912"}],"collection":[{"href":"https:\/\/grupoprointex.com\/cctv\/wp-json\/wp\/v2\/pages"}],"about":[{"href":"https:\/\/grupoprointex.com\/cctv\/wp-json\/wp\/v2\/types\/page"}],"author":[{"embeddable":true,"href":"https:\/\/grupoprointex.com\/cctv\/wp-json\/wp\/v2\/users\/1"}],"replies":[{"embeddable":true,"href":"https:\/\/grupoprointex.com\/cctv\/wp-json\/wp\/v2\/comments?post=1912"}],"version-history":[{"count":0,"href":"https:\/\/grupoprointex.com\/cctv\/wp-json\/wp\/v2\/pages\/1912\/revisions"}],"wp:attachment":[{"href":"https:\/\/grupoprointex.com\/cctv\/wp-json\/wp\/v2\/media?parent=1912"}],"wp:term":[{"taxonomy":"yst_prominent_words","embeddable":true,"href":"https:\/\/grupoprointex.com\/cctv\/wp-json\/wp\/v2\/yst_prominent_words?post=1912"}],"curies":[{"name":"wp","href":"https:\/\/api.w.org\/{rel}","templated":true}]}}